{"id":2382,"date":"2023-07-05T15:43:41","date_gmt":"2023-07-05T13:43:41","guid":{"rendered":"https:\/\/www.bansszabo.hu\/?page_id=2382"},"modified":"2023-11-23T12:01:04","modified_gmt":"2023-11-23T11:01:04","slug":"dr-timea-markus","status":"publish","type":"page","link":"https:\/\/www.bansszabo.hu\/en\/lawyers\/dr-timea-markus\/","title":{"rendered":"Dr. T\u00edmea M\u00e1rkus"},"content":{"rendered":"\n<h2 class=\"wp-block-heading\">Practice<\/h2>\n\n\n\n<p>Dr. M\u00e1rkus&#8217; primary area of expertise is public procurement law, as part of which she is a qualified accredited public procurement consultant and has been registered as a consultant since 2016. She has gained professional experience in a wide range of public procurement proceedings in the fields of IT, healthcare, transportation, energy and EU and national funding projects, both on the contracting and the bidding side.<\/p>\n\n\n\n<h2 class=\"wp-block-heading\">Bar Admissions<\/h2>\n\n\n\n<p>Budapest Bar, 2015<\/p>\n\n\n\n<h2 class=\"wp-block-heading\">Education<\/h2>\n\n\n\n<p>E\u00f6tv\u00f6s Lor\u00e1nd University, School of Law, 2006<br>Post-graduate energy law LL.M. program of the University of P\u00e9cs, 2012<\/p>\n","protected":false},"excerpt":{"rendered":"<p>Practice Dr. M\u00e1rkus&#8217; primary area of expertise is public procurement law, as part of which [&hellip;]<\/p>\n","protected":false},"author":2,"featured_media":0,"parent":504,"menu_order":7,"comment_status":"closed","ping_status":"closed","template":"team.php","meta":{"_acf_changed":false,"footnotes":""},"class_list":["post-2382","page","type-page","status-publish","hentry"],"acf":[],"yoast_head":"<!-- This site is optimized with the Yoast SEO plugin v27.3 - https:\/\/yoast.com\/product\/yoast-seo-wordpress\/ -->\n<title>Dr. T\u00edmea M\u00e1rkus - bansszabo<\/title>\n<meta name=\"robots\" content=\"index, follow, max-snippet:-1, max-image-preview:large, max-video-preview:-1\" \/>\n<link rel=\"canonical\" href=\"https:\/\/www.bansszabo.hu\/en\/lawyers\/dr-timea-markus\/\" \/>\n<meta property=\"og:locale\" content=\"en_US\" \/>\n<meta property=\"og:type\" content=\"article\" \/>\n<meta property=\"og:title\" content=\"Dr. T\u00edmea M\u00e1rkus - bansszabo\" \/>\n<meta property=\"og:description\" content=\"Practice Dr. M\u00e1rkus&#8217; primary area of expertise is public procurement law, as part of which [&hellip;]\" \/>\n<meta property=\"og:url\" content=\"https:\/\/www.bansszabo.hu\/en\/lawyers\/dr-timea-markus\/\" \/>\n<meta property=\"og:site_name\" content=\"bansszabo\" \/>\n<meta property=\"article:modified_time\" content=\"2023-11-23T11:01:04+00:00\" \/>\n<meta name=\"twitter:card\" content=\"summary_large_image\" \/>\n<meta name=\"twitter:label1\" content=\"Est. reading time\" \/>\n\t<meta name=\"twitter:data1\" content=\"1 minute\" \/>\n<script type=\"application\/ld+json\" class=\"yoast-schema-graph\">{\"@context\":\"https:\\\/\\\/schema.org\",\"@graph\":[{\"@type\":\"WebPage\",\"@id\":\"https:\\\/\\\/www.bansszabo.hu\\\/en\\\/lawyers\\\/dr-timea-markus\\\/\",\"url\":\"https:\\\/\\\/www.bansszabo.hu\\\/en\\\/lawyers\\\/dr-timea-markus\\\/\",\"name\":\"Dr. T\u00edmea M\u00e1rkus - bansszabo\",\"isPartOf\":{\"@id\":\"https:\\\/\\\/www.bansszabo.hu\\\/en\\\/#website\"},\"datePublished\":\"2023-07-05T13:43:41+00:00\",\"dateModified\":\"2023-11-23T11:01:04+00:00\",\"breadcrumb\":{\"@id\":\"https:\\\/\\\/www.bansszabo.hu\\\/en\\\/lawyers\\\/dr-timea-markus\\\/#breadcrumb\"},\"inLanguage\":\"en-US\",\"potentialAction\":[{\"@type\":\"ReadAction\",\"target\":[\"https:\\\/\\\/www.bansszabo.hu\\\/en\\\/lawyers\\\/dr-timea-markus\\\/\"]}]},{\"@type\":\"BreadcrumbList\",\"@id\":\"https:\\\/\\\/www.bansszabo.hu\\\/en\\\/lawyers\\\/dr-timea-markus\\\/#breadcrumb\",\"itemListElement\":[{\"@type\":\"ListItem\",\"position\":1,\"name\":\"Kezd\u0151lap\",\"item\":\"https:\\\/\\\/www.bansszabo.hu\\\/en\\\/\"},{\"@type\":\"ListItem\",\"position\":2,\"name\":\"Lawyers and trainee lawyers\",\"item\":\"https:\\\/\\\/www.bansszabo.hu\\\/en\\\/lawyers\\\/\"},{\"@type\":\"ListItem\",\"position\":3,\"name\":\"Dr. T\u00edmea M\u00e1rkus\"}]},{\"@type\":\"WebSite\",\"@id\":\"https:\\\/\\\/www.bansszabo.hu\\\/en\\\/#website\",\"url\":\"https:\\\/\\\/www.bansszabo.hu\\\/en\\\/\",\"name\":\"bansszabo\",\"description\":\"25 \u00e9ve \u00fcgyfeleink szolg\u00e1lat\u00e1ban, integrit\u00e1s \u00e9s tapasztalat\",\"publisher\":{\"@id\":\"https:\\\/\\\/www.bansszabo.hu\\\/en\\\/#organization\"},\"potentialAction\":[{\"@type\":\"SearchAction\",\"target\":{\"@type\":\"EntryPoint\",\"urlTemplate\":\"https:\\\/\\\/www.bansszabo.hu\\\/en\\\/?s={search_term_string}\"},\"query-input\":{\"@type\":\"PropertyValueSpecification\",\"valueRequired\":true,\"valueName\":\"search_term_string\"}}],\"inLanguage\":\"en-US\"},{\"@type\":\"Organization\",\"@id\":\"https:\\\/\\\/www.bansszabo.hu\\\/en\\\/#organization\",\"name\":\"B\u00e1n, S.Szab\u00f3, Rausch & Partners \u00dcgyv\u00e9di Iroda\",\"url\":\"https:\\\/\\\/www.bansszabo.hu\\\/en\\\/\",\"logo\":{\"@type\":\"ImageObject\",\"inLanguage\":\"en-US\",\"@id\":\"https:\\\/\\\/www.bansszabo.hu\\\/en\\\/#\\\/schema\\\/logo\\\/image\\\/\",\"url\":\"https:\\\/\\\/www.bansszabo.hu\\\/wp-content\\\/uploads\\\/2022\\\/02\\\/bsr-25logo.png\",\"contentUrl\":\"https:\\\/\\\/www.bansszabo.hu\\\/wp-content\\\/uploads\\\/2022\\\/02\\\/bsr-25logo.png\",\"width\":269,\"height\":75,\"caption\":\"B\u00e1n, S.Szab\u00f3, Rausch & Partners \u00dcgyv\u00e9di Iroda\"},\"image\":{\"@id\":\"https:\\\/\\\/www.bansszabo.hu\\\/en\\\/#\\\/schema\\\/logo\\\/image\\\/\"},\"sameAs\":[\"https:\\\/\\\/www.linkedin.com\\\/company\\\/bsrp\\\/\"]}]}<\/script>\n<!-- \/ Yoast SEO plugin. -->","yoast_head_json":{"title":"Dr. T\u00edmea M\u00e1rkus - bansszabo","robots":{"index":"index","follow":"follow","max-snippet":"max-snippet:-1","max-image-preview":"max-image-preview:large","max-video-preview":"max-video-preview:-1"},"canonical":"https:\/\/www.bansszabo.hu\/en\/lawyers\/dr-timea-markus\/","og_locale":"en_US","og_type":"article","og_title":"Dr. T\u00edmea M\u00e1rkus - bansszabo","og_description":"Practice Dr. M\u00e1rkus&#8217; primary area of expertise is public procurement law, as part of which [&hellip;]","og_url":"https:\/\/www.bansszabo.hu\/en\/lawyers\/dr-timea-markus\/","og_site_name":"bansszabo","article_modified_time":"2023-11-23T11:01:04+00:00","twitter_card":"summary_large_image","twitter_misc":{"Est. reading time":"1 minute"},"schema":{"@context":"https:\/\/schema.org","@graph":[{"@type":"WebPage","@id":"https:\/\/www.bansszabo.hu\/en\/lawyers\/dr-timea-markus\/","url":"https:\/\/www.bansszabo.hu\/en\/lawyers\/dr-timea-markus\/","name":"Dr. T\u00edmea M\u00e1rkus - bansszabo","isPartOf":{"@id":"https:\/\/www.bansszabo.hu\/en\/#website"},"datePublished":"2023-07-05T13:43:41+00:00","dateModified":"2023-11-23T11:01:04+00:00","breadcrumb":{"@id":"https:\/\/www.bansszabo.hu\/en\/lawyers\/dr-timea-markus\/#breadcrumb"},"inLanguage":"en-US","potentialAction":[{"@type":"ReadAction","target":["https:\/\/www.bansszabo.hu\/en\/lawyers\/dr-timea-markus\/"]}]},{"@type":"BreadcrumbList","@id":"https:\/\/www.bansszabo.hu\/en\/lawyers\/dr-timea-markus\/#breadcrumb","itemListElement":[{"@type":"ListItem","position":1,"name":"Kezd\u0151lap","item":"https:\/\/www.bansszabo.hu\/en\/"},{"@type":"ListItem","position":2,"name":"Lawyers and trainee lawyers","item":"https:\/\/www.bansszabo.hu\/en\/lawyers\/"},{"@type":"ListItem","position":3,"name":"Dr. T\u00edmea M\u00e1rkus"}]},{"@type":"WebSite","@id":"https:\/\/www.bansszabo.hu\/en\/#website","url":"https:\/\/www.bansszabo.hu\/en\/","name":"bansszabo","description":"25 \u00e9ve \u00fcgyfeleink szolg\u00e1lat\u00e1ban, integrit\u00e1s \u00e9s tapasztalat","publisher":{"@id":"https:\/\/www.bansszabo.hu\/en\/#organization"},"potentialAction":[{"@type":"SearchAction","target":{"@type":"EntryPoint","urlTemplate":"https:\/\/www.bansszabo.hu\/en\/?s={search_term_string}"},"query-input":{"@type":"PropertyValueSpecification","valueRequired":true,"valueName":"search_term_string"}}],"inLanguage":"en-US"},{"@type":"Organization","@id":"https:\/\/www.bansszabo.hu\/en\/#organization","name":"B\u00e1n, S.Szab\u00f3, Rausch & Partners \u00dcgyv\u00e9di Iroda","url":"https:\/\/www.bansszabo.hu\/en\/","logo":{"@type":"ImageObject","inLanguage":"en-US","@id":"https:\/\/www.bansszabo.hu\/en\/#\/schema\/logo\/image\/","url":"https:\/\/www.bansszabo.hu\/wp-content\/uploads\/2022\/02\/bsr-25logo.png","contentUrl":"https:\/\/www.bansszabo.hu\/wp-content\/uploads\/2022\/02\/bsr-25logo.png","width":269,"height":75,"caption":"B\u00e1n, S.Szab\u00f3, Rausch & Partners \u00dcgyv\u00e9di Iroda"},"image":{"@id":"https:\/\/www.bansszabo.hu\/en\/#\/schema\/logo\/image\/"},"sameAs":["https:\/\/www.linkedin.com\/company\/bsrp\/"]}]}},"_links":{"self":[{"href":"https:\/\/www.bansszabo.hu\/en\/wp-json\/wp\/v2\/pages\/2382","targetHints":{"allow":["GET"]}}],"collection":[{"href":"https:\/\/www.bansszabo.hu\/en\/wp-json\/wp\/v2\/pages"}],"about":[{"href":"https:\/\/www.bansszabo.hu\/en\/wp-json\/wp\/v2\/types\/page"}],"author":[{"embeddable":true,"href":"https:\/\/www.bansszabo.hu\/en\/wp-json\/wp\/v2\/users\/2"}],"replies":[{"embeddable":true,"href":"https:\/\/www.bansszabo.hu\/en\/wp-json\/wp\/v2\/comments?post=2382"}],"version-history":[{"count":3,"href":"https:\/\/www.bansszabo.hu\/en\/wp-json\/wp\/v2\/pages\/2382\/revisions"}],"predecessor-version":[{"id":2478,"href":"https:\/\/www.bansszabo.hu\/en\/wp-json\/wp\/v2\/pages\/2382\/revisions\/2478"}],"up":[{"embeddable":true,"href":"https:\/\/www.bansszabo.hu\/en\/wp-json\/wp\/v2\/pages\/504"}],"wp:attachment":[{"href":"https:\/\/www.bansszabo.hu\/en\/wp-json\/wp\/v2\/media?parent=2382"}],"curies":[{"name":"wp","href":"https:\/\/api.w.org\/{rel}","templated":true}]}}