{"id":494,"date":"2022-01-27T11:35:31","date_gmt":"2022-01-27T10:35:31","guid":{"rendered":"https:\/\/www.bansszabo.hu\/home\/"},"modified":"2024-05-09T14:11:03","modified_gmt":"2024-05-09T12:11:03","slug":"home","status":"publish","type":"page","link":"https:\/\/www.bansszabo.hu\/en\/","title":{"rendered":"Home"},"content":{"rendered":"\n<h6 class=\"wp-block-heading\">We have been providing services for more than 25 years to our clients, who are active in diverse areas of domestic and international business. With our professionalism and integrity, we have gained the continuous and renewed trust of our clients, many of whom have decades of cooperation with our office. If you are not our client yet, get to know us!<\/h6>\n","protected":false},"excerpt":{"rendered":"<p>We have been providing services for more than 25 years to our clients, who are [&hellip;]<\/p>\n","protected":false},"author":5,"featured_media":0,"parent":0,"menu_order":0,"comment_status":"closed","ping_status":"closed","template":"","meta":{"_acf_changed":false,"footnotes":""},"class_list":["post-494","page","type-page","status-publish","hentry"],"acf":[],"yoast_head":"<!-- This site is optimized with the Yoast SEO plugin v27.4 - https:\/\/yoast.com\/product\/yoast-seo-wordpress\/ -->\n<title>Home - bansszabo<\/title>\n<meta name=\"robots\" content=\"index, follow, max-snippet:-1, max-image-preview:large, max-video-preview:-1\" \/>\n<link rel=\"canonical\" href=\"https:\/\/www.bansszabo.hu\/en\/\" \/>\n<meta property=\"og:locale\" content=\"en_US\" \/>\n<meta property=\"og:type\" content=\"article\" \/>\n<meta property=\"og:title\" content=\"Home - bansszabo\" \/>\n<meta property=\"og:description\" content=\"We have been providing services for more than 25 years to our clients, who are [&hellip;]\" \/>\n<meta property=\"og:url\" content=\"https:\/\/www.bansszabo.hu\/en\/\" \/>\n<meta property=\"og:site_name\" content=\"bansszabo\" \/>\n<meta property=\"article:modified_time\" content=\"2024-05-09T12:11:03+00:00\" \/>\n<meta property=\"og:image\" content=\"https:\/\/www.bansszabo.hu\/wp-content\/uploads\/2022\/03\/jozsef-nador-ter-270819-szabo-gabor-004.exact1980w__-1-1024x464.jpg\" \/>\n<meta name=\"twitter:card\" content=\"summary_large_image\" \/>\n<meta name=\"twitter:label1\" content=\"Est. reading time\" \/>\n\t<meta name=\"twitter:data1\" content=\"1 minute\" \/>\n<script type=\"application\/ld+json\" class=\"yoast-schema-graph\">{\"@context\":\"https:\\\/\\\/schema.org\",\"@graph\":[{\"@type\":\"WebPage\",\"@id\":\"https:\\\/\\\/www.bansszabo.hu\\\/en\\\/\",\"url\":\"https:\\\/\\\/www.bansszabo.hu\\\/en\\\/\",\"name\":\"Home - bansszabo\",\"isPartOf\":{\"@id\":\"https:\\\/\\\/www.bansszabo.hu\\\/en\\\/#website\"},\"datePublished\":\"2022-01-27T10:35:31+00:00\",\"dateModified\":\"2024-05-09T12:11:03+00:00\",\"breadcrumb\":{\"@id\":\"https:\\\/\\\/www.bansszabo.hu\\\/en\\\/#breadcrumb\"},\"inLanguage\":\"en-US\",\"potentialAction\":[{\"@type\":\"ReadAction\",\"target\":[\"https:\\\/\\\/www.bansszabo.hu\\\/en\\\/\"]}]},{\"@type\":\"BreadcrumbList\",\"@id\":\"https:\\\/\\\/www.bansszabo.hu\\\/en\\\/#breadcrumb\",\"itemListElement\":[{\"@type\":\"ListItem\",\"position\":1,\"name\":\"Kezd\u0151lap\",\"item\":\"https:\\\/\\\/www.bansszabo.hu\\\/en\\\/\"},{\"@type\":\"ListItem\",\"position\":2,\"name\":\"Home\"}]},{\"@type\":\"WebSite\",\"@id\":\"https:\\\/\\\/www.bansszabo.hu\\\/en\\\/#website\",\"url\":\"https:\\\/\\\/www.bansszabo.hu\\\/en\\\/\",\"name\":\"bansszabo\",\"description\":\"25 \u00e9ve \u00fcgyfeleink szolg\u00e1lat\u00e1ban, integrit\u00e1s \u00e9s tapasztalat\",\"publisher\":{\"@id\":\"https:\\\/\\\/www.bansszabo.hu\\\/en\\\/#organization\"},\"potentialAction\":[{\"@type\":\"SearchAction\",\"target\":{\"@type\":\"EntryPoint\",\"urlTemplate\":\"https:\\\/\\\/www.bansszabo.hu\\\/en\\\/?s={search_term_string}\"},\"query-input\":{\"@type\":\"PropertyValueSpecification\",\"valueRequired\":true,\"valueName\":\"search_term_string\"}}],\"inLanguage\":\"en-US\"},{\"@type\":\"Organization\",\"@id\":\"https:\\\/\\\/www.bansszabo.hu\\\/en\\\/#organization\",\"name\":\"B\u00e1n, S.Szab\u00f3, Rausch & Partners \u00dcgyv\u00e9di Iroda\",\"url\":\"https:\\\/\\\/www.bansszabo.hu\\\/en\\\/\",\"logo\":{\"@type\":\"ImageObject\",\"inLanguage\":\"en-US\",\"@id\":\"https:\\\/\\\/www.bansszabo.hu\\\/en\\\/#\\\/schema\\\/logo\\\/image\\\/\",\"url\":\"https:\\\/\\\/www.bansszabo.hu\\\/wp-content\\\/uploads\\\/2022\\\/02\\\/bsr-25logo.png\",\"contentUrl\":\"https:\\\/\\\/www.bansszabo.hu\\\/wp-content\\\/uploads\\\/2022\\\/02\\\/bsr-25logo.png\",\"width\":269,\"height\":75,\"caption\":\"B\u00e1n, S.Szab\u00f3, Rausch & Partners \u00dcgyv\u00e9di Iroda\"},\"image\":{\"@id\":\"https:\\\/\\\/www.bansszabo.hu\\\/en\\\/#\\\/schema\\\/logo\\\/image\\\/\"},\"sameAs\":[\"https:\\\/\\\/www.linkedin.com\\\/company\\\/bsrp\\\/\"]}]}<\/script>\n<!-- \/ Yoast SEO plugin. -->","yoast_head_json":{"title":"Home - bansszabo","robots":{"index":"index","follow":"follow","max-snippet":"max-snippet:-1","max-image-preview":"max-image-preview:large","max-video-preview":"max-video-preview:-1"},"canonical":"https:\/\/www.bansszabo.hu\/en\/","og_locale":"en_US","og_type":"article","og_title":"Home - bansszabo","og_description":"We have been providing services for more than 25 years to our clients, who are [&hellip;]","og_url":"https:\/\/www.bansszabo.hu\/en\/","og_site_name":"bansszabo","article_modified_time":"2024-05-09T12:11:03+00:00","og_image":[{"url":"https:\/\/www.bansszabo.hu\/wp-content\/uploads\/2022\/03\/jozsef-nador-ter-270819-szabo-gabor-004.exact1980w__-1-1024x464.jpg","type":"","width":"","height":""}],"twitter_card":"summary_large_image","twitter_misc":{"Est. reading time":"1 minute"},"schema":{"@context":"https:\/\/schema.org","@graph":[{"@type":"WebPage","@id":"https:\/\/www.bansszabo.hu\/en\/","url":"https:\/\/www.bansszabo.hu\/en\/","name":"Home - bansszabo","isPartOf":{"@id":"https:\/\/www.bansszabo.hu\/en\/#website"},"datePublished":"2022-01-27T10:35:31+00:00","dateModified":"2024-05-09T12:11:03+00:00","breadcrumb":{"@id":"https:\/\/www.bansszabo.hu\/en\/#breadcrumb"},"inLanguage":"en-US","potentialAction":[{"@type":"ReadAction","target":["https:\/\/www.bansszabo.hu\/en\/"]}]},{"@type":"BreadcrumbList","@id":"https:\/\/www.bansszabo.hu\/en\/#breadcrumb","itemListElement":[{"@type":"ListItem","position":1,"name":"Kezd\u0151lap","item":"https:\/\/www.bansszabo.hu\/en\/"},{"@type":"ListItem","position":2,"name":"Home"}]},{"@type":"WebSite","@id":"https:\/\/www.bansszabo.hu\/en\/#website","url":"https:\/\/www.bansszabo.hu\/en\/","name":"bansszabo","description":"25 \u00e9ve \u00fcgyfeleink szolg\u00e1lat\u00e1ban, integrit\u00e1s \u00e9s tapasztalat","publisher":{"@id":"https:\/\/www.bansszabo.hu\/en\/#organization"},"potentialAction":[{"@type":"SearchAction","target":{"@type":"EntryPoint","urlTemplate":"https:\/\/www.bansszabo.hu\/en\/?s={search_term_string}"},"query-input":{"@type":"PropertyValueSpecification","valueRequired":true,"valueName":"search_term_string"}}],"inLanguage":"en-US"},{"@type":"Organization","@id":"https:\/\/www.bansszabo.hu\/en\/#organization","name":"B\u00e1n, S.Szab\u00f3, Rausch & Partners \u00dcgyv\u00e9di Iroda","url":"https:\/\/www.bansszabo.hu\/en\/","logo":{"@type":"ImageObject","inLanguage":"en-US","@id":"https:\/\/www.bansszabo.hu\/en\/#\/schema\/logo\/image\/","url":"https:\/\/www.bansszabo.hu\/wp-content\/uploads\/2022\/02\/bsr-25logo.png","contentUrl":"https:\/\/www.bansszabo.hu\/wp-content\/uploads\/2022\/02\/bsr-25logo.png","width":269,"height":75,"caption":"B\u00e1n, S.Szab\u00f3, Rausch & Partners \u00dcgyv\u00e9di Iroda"},"image":{"@id":"https:\/\/www.bansszabo.hu\/en\/#\/schema\/logo\/image\/"},"sameAs":["https:\/\/www.linkedin.com\/company\/bsrp\/"]}]}},"_links":{"self":[{"href":"https:\/\/www.bansszabo.hu\/en\/wp-json\/wp\/v2\/pages\/494","targetHints":{"allow":["GET"]}}],"collection":[{"href":"https:\/\/www.bansszabo.hu\/en\/wp-json\/wp\/v2\/pages"}],"about":[{"href":"https:\/\/www.bansszabo.hu\/en\/wp-json\/wp\/v2\/types\/page"}],"author":[{"embeddable":true,"href":"https:\/\/www.bansszabo.hu\/en\/wp-json\/wp\/v2\/users\/5"}],"replies":[{"embeddable":true,"href":"https:\/\/www.bansszabo.hu\/en\/wp-json\/wp\/v2\/comments?post=494"}],"version-history":[{"count":11,"href":"https:\/\/www.bansszabo.hu\/en\/wp-json\/wp\/v2\/pages\/494\/revisions"}],"predecessor-version":[{"id":2701,"href":"https:\/\/www.bansszabo.hu\/en\/wp-json\/wp\/v2\/pages\/494\/revisions\/2701"}],"wp:attachment":[{"href":"https:\/\/www.bansszabo.hu\/en\/wp-json\/wp\/v2\/media?parent=494"}],"curies":[{"name":"wp","href":"https:\/\/api.w.org\/{rel}","templated":true}]}}