{"id":502,"date":"2022-01-27T14:27:11","date_gmt":"2022-01-27T13:27:11","guid":{"rendered":"https:\/\/www.bansszabo.hu\/partners\/dr-chrysta-ban\/"},"modified":"2026-02-03T11:51:10","modified_gmt":"2026-02-03T10:51:10","slug":"dr-chrysta-ban","status":"publish","type":"page","link":"https:\/\/www.bansszabo.hu\/en\/partners\/dr-chrysta-ban\/","title":{"rendered":"Dr. Chrysta B\u00e1n"},"content":{"rendered":"\n<p>Dr. B\u00e1n is a founding partner of B\u00e1n, S. Szab\u00f3, Rausch &amp; Partners and she was Managing Partner of the firm between 1997 and 2022. Dr. B\u00e1n has wide experience in corporate and commercial law, mergers and acquisitions, securities regulations and competition law. She has represented multinational companies in merger and acquisition transactions, privatization transactions, green field investments, corporate, real estate and competition law matters. Between 1993-1997, dr. B\u00e1n served as a senior Hungarian attorney at the Budapest office of Shearman &amp; Sterling. From 1980 to 1993, she was an associate law professor at E\u00f6tv\u00f6s Lor\u00e1nd University (Budapest) and McGeorge School of Law, University of the Pacific (Sacramento, California). The Hungarian Bar Association decorated her in 2012 with \u201cOutstanding Attorney\u201d award. <\/p>\n\n\n\n<p>Between 1993-2025 she was member of the California Bar (inactive).<\/p>\n\n\n\n<h2 class=\"wp-block-heading\" id=\"bar-admissions\">Education<\/h2>\n\n\n\n<p>E\u00f6tv\u00f6s Lor\u00e1nd University, School of Law, 1980<br>Postgraduate law degree in international commercial law, Legal Postgraduate Institute of E\u00f6tv\u00f6s Lor\u00e1nd University, 1987<br>Academy of American and International Law, the Southwestern Legal Foundation, International and Comparative Law Center University of Texas, Dallas, Texas 1987<\/p>\n\n\n<style class=\"wpcode-css-snippet\">.business-card .data {\r\n\tjustify-content: start!important;\r\n}\r\n\r\n.business-card .data h4,\r\n.business-card .data h6,\r\n.business-card .data div {\r\n\tdisplay: none!important;\r\n}<\/style>\n","protected":false},"excerpt":{"rendered":"<p>Dr. B\u00e1n is a founding partner of B\u00e1n, S. Szab\u00f3, Rausch &amp; Partners and she [&hellip;]<\/p>\n","protected":false},"author":2,"featured_media":0,"parent":501,"menu_order":1,"comment_status":"closed","ping_status":"closed","template":"team.php","meta":{"_acf_changed":false,"footnotes":""},"class_list":["post-502","page","type-page","status-publish","hentry"],"acf":[],"yoast_head":"<!-- This site is optimized with the Yoast SEO plugin v27.3 - https:\/\/yoast.com\/product\/yoast-seo-wordpress\/ -->\n<title>Dr. Chrysta B\u00e1n - bansszabo<\/title>\n<meta name=\"robots\" content=\"index, follow, max-snippet:-1, max-image-preview:large, max-video-preview:-1\" \/>\n<link rel=\"canonical\" href=\"https:\/\/www.bansszabo.hu\/en\/partners\/dr-chrysta-ban\/\" \/>\n<meta property=\"og:locale\" content=\"en_US\" \/>\n<meta property=\"og:type\" content=\"article\" \/>\n<meta property=\"og:title\" content=\"Dr. Chrysta B\u00e1n - bansszabo\" \/>\n<meta property=\"og:description\" content=\"Dr. B\u00e1n is a founding partner of B\u00e1n, S. Szab\u00f3, Rausch &amp; Partners and she [&hellip;]\" \/>\n<meta property=\"og:url\" content=\"https:\/\/www.bansszabo.hu\/en\/partners\/dr-chrysta-ban\/\" \/>\n<meta property=\"og:site_name\" content=\"bansszabo\" \/>\n<meta property=\"article:modified_time\" content=\"2026-02-03T10:51:10+00:00\" \/>\n<meta name=\"twitter:card\" content=\"summary_large_image\" \/>\n<meta name=\"twitter:label1\" content=\"Est. reading time\" \/>\n\t<meta name=\"twitter:data1\" content=\"1 minute\" \/>\n<script type=\"application\/ld+json\" class=\"yoast-schema-graph\">{\"@context\":\"https:\\\/\\\/schema.org\",\"@graph\":[{\"@type\":\"WebPage\",\"@id\":\"https:\\\/\\\/www.bansszabo.hu\\\/en\\\/partners\\\/dr-chrysta-ban\\\/\",\"url\":\"https:\\\/\\\/www.bansszabo.hu\\\/en\\\/partners\\\/dr-chrysta-ban\\\/\",\"name\":\"Dr. Chrysta B\u00e1n - bansszabo\",\"isPartOf\":{\"@id\":\"https:\\\/\\\/www.bansszabo.hu\\\/en\\\/#website\"},\"datePublished\":\"2022-01-27T13:27:11+00:00\",\"dateModified\":\"2026-02-03T10:51:10+00:00\",\"breadcrumb\":{\"@id\":\"https:\\\/\\\/www.bansszabo.hu\\\/en\\\/partners\\\/dr-chrysta-ban\\\/#breadcrumb\"},\"inLanguage\":\"en-US\",\"potentialAction\":[{\"@type\":\"ReadAction\",\"target\":[\"https:\\\/\\\/www.bansszabo.hu\\\/en\\\/partners\\\/dr-chrysta-ban\\\/\"]}]},{\"@type\":\"BreadcrumbList\",\"@id\":\"https:\\\/\\\/www.bansszabo.hu\\\/en\\\/partners\\\/dr-chrysta-ban\\\/#breadcrumb\",\"itemListElement\":[{\"@type\":\"ListItem\",\"position\":1,\"name\":\"Kezd\u0151lap\",\"item\":\"https:\\\/\\\/www.bansszabo.hu\\\/en\\\/\"},{\"@type\":\"ListItem\",\"position\":2,\"name\":\"Partners\",\"item\":\"https:\\\/\\\/www.bansszabo.hu\\\/en\\\/partners\\\/\"},{\"@type\":\"ListItem\",\"position\":3,\"name\":\"Dr. Chrysta B\u00e1n\"}]},{\"@type\":\"WebSite\",\"@id\":\"https:\\\/\\\/www.bansszabo.hu\\\/en\\\/#website\",\"url\":\"https:\\\/\\\/www.bansszabo.hu\\\/en\\\/\",\"name\":\"bansszabo\",\"description\":\"25 \u00e9ve \u00fcgyfeleink szolg\u00e1lat\u00e1ban, integrit\u00e1s \u00e9s tapasztalat\",\"publisher\":{\"@id\":\"https:\\\/\\\/www.bansszabo.hu\\\/en\\\/#organization\"},\"potentialAction\":[{\"@type\":\"SearchAction\",\"target\":{\"@type\":\"EntryPoint\",\"urlTemplate\":\"https:\\\/\\\/www.bansszabo.hu\\\/en\\\/?s={search_term_string}\"},\"query-input\":{\"@type\":\"PropertyValueSpecification\",\"valueRequired\":true,\"valueName\":\"search_term_string\"}}],\"inLanguage\":\"en-US\"},{\"@type\":\"Organization\",\"@id\":\"https:\\\/\\\/www.bansszabo.hu\\\/en\\\/#organization\",\"name\":\"B\u00e1n, S.Szab\u00f3, Rausch & Partners \u00dcgyv\u00e9di Iroda\",\"url\":\"https:\\\/\\\/www.bansszabo.hu\\\/en\\\/\",\"logo\":{\"@type\":\"ImageObject\",\"inLanguage\":\"en-US\",\"@id\":\"https:\\\/\\\/www.bansszabo.hu\\\/en\\\/#\\\/schema\\\/logo\\\/image\\\/\",\"url\":\"https:\\\/\\\/www.bansszabo.hu\\\/wp-content\\\/uploads\\\/2022\\\/02\\\/bsr-25logo.png\",\"contentUrl\":\"https:\\\/\\\/www.bansszabo.hu\\\/wp-content\\\/uploads\\\/2022\\\/02\\\/bsr-25logo.png\",\"width\":269,\"height\":75,\"caption\":\"B\u00e1n, S.Szab\u00f3, Rausch & Partners \u00dcgyv\u00e9di Iroda\"},\"image\":{\"@id\":\"https:\\\/\\\/www.bansszabo.hu\\\/en\\\/#\\\/schema\\\/logo\\\/image\\\/\"},\"sameAs\":[\"https:\\\/\\\/www.linkedin.com\\\/company\\\/bsrp\\\/\"]}]}<\/script>\n<!-- \/ Yoast SEO plugin. -->","yoast_head_json":{"title":"Dr. Chrysta B\u00e1n - bansszabo","robots":{"index":"index","follow":"follow","max-snippet":"max-snippet:-1","max-image-preview":"max-image-preview:large","max-video-preview":"max-video-preview:-1"},"canonical":"https:\/\/www.bansszabo.hu\/en\/partners\/dr-chrysta-ban\/","og_locale":"en_US","og_type":"article","og_title":"Dr. Chrysta B\u00e1n - bansszabo","og_description":"Dr. B\u00e1n is a founding partner of B\u00e1n, S. Szab\u00f3, Rausch &amp; Partners and she [&hellip;]","og_url":"https:\/\/www.bansszabo.hu\/en\/partners\/dr-chrysta-ban\/","og_site_name":"bansszabo","article_modified_time":"2026-02-03T10:51:10+00:00","twitter_card":"summary_large_image","twitter_misc":{"Est. reading time":"1 minute"},"schema":{"@context":"https:\/\/schema.org","@graph":[{"@type":"WebPage","@id":"https:\/\/www.bansszabo.hu\/en\/partners\/dr-chrysta-ban\/","url":"https:\/\/www.bansszabo.hu\/en\/partners\/dr-chrysta-ban\/","name":"Dr. Chrysta B\u00e1n - bansszabo","isPartOf":{"@id":"https:\/\/www.bansszabo.hu\/en\/#website"},"datePublished":"2022-01-27T13:27:11+00:00","dateModified":"2026-02-03T10:51:10+00:00","breadcrumb":{"@id":"https:\/\/www.bansszabo.hu\/en\/partners\/dr-chrysta-ban\/#breadcrumb"},"inLanguage":"en-US","potentialAction":[{"@type":"ReadAction","target":["https:\/\/www.bansszabo.hu\/en\/partners\/dr-chrysta-ban\/"]}]},{"@type":"BreadcrumbList","@id":"https:\/\/www.bansszabo.hu\/en\/partners\/dr-chrysta-ban\/#breadcrumb","itemListElement":[{"@type":"ListItem","position":1,"name":"Kezd\u0151lap","item":"https:\/\/www.bansszabo.hu\/en\/"},{"@type":"ListItem","position":2,"name":"Partners","item":"https:\/\/www.bansszabo.hu\/en\/partners\/"},{"@type":"ListItem","position":3,"name":"Dr. Chrysta B\u00e1n"}]},{"@type":"WebSite","@id":"https:\/\/www.bansszabo.hu\/en\/#website","url":"https:\/\/www.bansszabo.hu\/en\/","name":"bansszabo","description":"25 \u00e9ve \u00fcgyfeleink szolg\u00e1lat\u00e1ban, integrit\u00e1s \u00e9s tapasztalat","publisher":{"@id":"https:\/\/www.bansszabo.hu\/en\/#organization"},"potentialAction":[{"@type":"SearchAction","target":{"@type":"EntryPoint","urlTemplate":"https:\/\/www.bansszabo.hu\/en\/?s={search_term_string}"},"query-input":{"@type":"PropertyValueSpecification","valueRequired":true,"valueName":"search_term_string"}}],"inLanguage":"en-US"},{"@type":"Organization","@id":"https:\/\/www.bansszabo.hu\/en\/#organization","name":"B\u00e1n, S.Szab\u00f3, Rausch & Partners \u00dcgyv\u00e9di Iroda","url":"https:\/\/www.bansszabo.hu\/en\/","logo":{"@type":"ImageObject","inLanguage":"en-US","@id":"https:\/\/www.bansszabo.hu\/en\/#\/schema\/logo\/image\/","url":"https:\/\/www.bansszabo.hu\/wp-content\/uploads\/2022\/02\/bsr-25logo.png","contentUrl":"https:\/\/www.bansszabo.hu\/wp-content\/uploads\/2022\/02\/bsr-25logo.png","width":269,"height":75,"caption":"B\u00e1n, S.Szab\u00f3, Rausch & Partners \u00dcgyv\u00e9di Iroda"},"image":{"@id":"https:\/\/www.bansszabo.hu\/en\/#\/schema\/logo\/image\/"},"sameAs":["https:\/\/www.linkedin.com\/company\/bsrp\/"]}]}},"_links":{"self":[{"href":"https:\/\/www.bansszabo.hu\/en\/wp-json\/wp\/v2\/pages\/502","targetHints":{"allow":["GET"]}}],"collection":[{"href":"https:\/\/www.bansszabo.hu\/en\/wp-json\/wp\/v2\/pages"}],"about":[{"href":"https:\/\/www.bansszabo.hu\/en\/wp-json\/wp\/v2\/types\/page"}],"author":[{"embeddable":true,"href":"https:\/\/www.bansszabo.hu\/en\/wp-json\/wp\/v2\/users\/2"}],"replies":[{"embeddable":true,"href":"https:\/\/www.bansszabo.hu\/en\/wp-json\/wp\/v2\/comments?post=502"}],"version-history":[{"count":19,"href":"https:\/\/www.bansszabo.hu\/en\/wp-json\/wp\/v2\/pages\/502\/revisions"}],"predecessor-version":[{"id":2946,"href":"https:\/\/www.bansszabo.hu\/en\/wp-json\/wp\/v2\/pages\/502\/revisions\/2946"}],"up":[{"embeddable":true,"href":"https:\/\/www.bansszabo.hu\/en\/wp-json\/wp\/v2\/pages\/501"}],"wp:attachment":[{"href":"https:\/\/www.bansszabo.hu\/en\/wp-json\/wp\/v2\/media?parent=502"}],"curies":[{"name":"wp","href":"https:\/\/api.w.org\/{rel}","templated":true}]}}