{"id":527,"date":"2022-02-01T14:34:35","date_gmt":"2022-02-01T13:34:35","guid":{"rendered":"https:\/\/www.bansszabo.hu\/impressum-with-data-of-the-websites-service-provider\/"},"modified":"2022-02-01T14:34:35","modified_gmt":"2022-02-01T13:34:35","slug":"impressum-with-data-of-the-websites-service-provider","status":"publish","type":"page","link":"https:\/\/www.bansszabo.hu\/en\/impressum-with-data-of-the-websites-service-provider\/","title":{"rendered":"Impressum with data of the website\u2019s service provider:"},"content":{"rendered":"\n<p><\/p>\n\n<p><strong>Name:<\/strong> B\u00e1n, S. Szab\u00f3, Rausch &amp; Partners law firm<\/p>\n\n<p><strong>Seat<\/strong> 1051 Budapest, J\u00f3zsef n\u00e1dor t\u00e9r 5-6.<\/p>\n\n<p><strong>Telephone:<\/strong> +36 (1) 266 3522<\/p>\n\n<p><strong>E-mail:<\/strong> <a href=\"mailto:office@bansszabo.hu\">office@bansszabo.hu<\/a>  <\/p>\n\n<p><strong>Registry Authority:<\/strong> Budapest Bar Association (<a href=\"http:\/\/www.bpbar.hu\/\" target=\"_blank\" rel=\"noreferrer noopener\">www.bpbar.hu)<\/a><\/p>\n\n<p><strong>Registry No.: <\/strong> 378<\/p>\n\n<p><strong>Applicable professional rules:<\/strong> <a href=\"http:\/\/www.bpugyvedikamara.hu\/jogszabalyok\/\">Budapest Bar Association<\/a>, <a href=\"https:\/\/m%C3%BCk.hu\/szabalyozas\">Hungarian Bar Association<\/a><\/p>\n\n<p><\/p>\n\n<h2 class=\"wp-block-heading\" id=\"tarhely-szolgaltato-adatai\">Data hosting provider\u2019s data:<\/h2>\n\n<p><\/p>\n\n<p><strong>Name:<\/strong> Istv\u00e1n Gere sole proprietor<\/p>\n\n<p><strong>Seat:<\/strong> HU-1045 Budapest, Pozsonyi utca 2\/c II\/34.<\/p>\n\n<p><strong>Contact:<\/strong> +36-70-315-7250<\/p>\n","protected":false},"excerpt":{"rendered":"<p>Name: B\u00e1n, S. Szab\u00f3, Rausch &amp; Partners law firm Seat 1051 Budapest, J\u00f3zsef n\u00e1dor t\u00e9r [&hellip;]<\/p>\n","protected":false},"author":2,"featured_media":492,"parent":0,"menu_order":10,"comment_status":"closed","ping_status":"closed","template":"","meta":{"_acf_changed":false,"footnotes":""},"class_list":["post-527","page","type-page","status-publish","has-post-thumbnail","hentry"],"acf":[],"yoast_head":"<!-- This site is optimized with the Yoast SEO plugin v27.4 - https:\/\/yoast.com\/product\/yoast-seo-wordpress\/ -->\n<title>Impressum with data of the website\u2019s service provider: - bansszabo<\/title>\n<meta name=\"robots\" content=\"index, follow, max-snippet:-1, max-image-preview:large, max-video-preview:-1\" \/>\n<link rel=\"canonical\" href=\"https:\/\/www.bansszabo.hu\/en\/impressum-with-data-of-the-websites-service-provider\/\" \/>\n<meta property=\"og:locale\" content=\"en_US\" \/>\n<meta property=\"og:type\" content=\"article\" \/>\n<meta property=\"og:title\" content=\"Impressum with data of the website\u2019s service provider: - bansszabo\" \/>\n<meta property=\"og:description\" content=\"Name: B\u00e1n, S. Szab\u00f3, Rausch &amp; Partners law firm Seat 1051 Budapest, J\u00f3zsef n\u00e1dor t\u00e9r [&hellip;]\" \/>\n<meta property=\"og:url\" content=\"https:\/\/www.bansszabo.hu\/en\/impressum-with-data-of-the-websites-service-provider\/\" \/>\n<meta property=\"og:site_name\" content=\"bansszabo\" \/>\n<meta property=\"og:image\" content=\"https:\/\/www.bansszabo.hu\/wp-content\/uploads\/2022\/01\/pexels-andrea-piacquadio-764450-3.jpeg\" \/>\n\t<meta property=\"og:image:width\" content=\"1920\" \/>\n\t<meta property=\"og:image:height\" content=\"400\" \/>\n\t<meta property=\"og:image:type\" content=\"image\/jpeg\" \/>\n<meta name=\"twitter:card\" content=\"summary_large_image\" \/>\n<script type=\"application\/ld+json\" class=\"yoast-schema-graph\">{\"@context\":\"https:\\\/\\\/schema.org\",\"@graph\":[{\"@type\":\"WebPage\",\"@id\":\"https:\\\/\\\/www.bansszabo.hu\\\/en\\\/impressum-with-data-of-the-websites-service-provider\\\/\",\"url\":\"https:\\\/\\\/www.bansszabo.hu\\\/en\\\/impressum-with-data-of-the-websites-service-provider\\\/\",\"name\":\"Impressum with data of the website\u2019s service provider: - bansszabo\",\"isPartOf\":{\"@id\":\"https:\\\/\\\/www.bansszabo.hu\\\/en\\\/#website\"},\"primaryImageOfPage\":{\"@id\":\"https:\\\/\\\/www.bansszabo.hu\\\/en\\\/impressum-with-data-of-the-websites-service-provider\\\/#primaryimage\"},\"image\":{\"@id\":\"https:\\\/\\\/www.bansszabo.hu\\\/en\\\/impressum-with-data-of-the-websites-service-provider\\\/#primaryimage\"},\"thumbnailUrl\":\"https:\\\/\\\/www.bansszabo.hu\\\/wp-content\\\/uploads\\\/2022\\\/01\\\/pexels-andrea-piacquadio-764450-3.jpeg\",\"datePublished\":\"2022-02-01T13:34:35+00:00\",\"breadcrumb\":{\"@id\":\"https:\\\/\\\/www.bansszabo.hu\\\/en\\\/impressum-with-data-of-the-websites-service-provider\\\/#breadcrumb\"},\"inLanguage\":\"en-US\",\"potentialAction\":[{\"@type\":\"ReadAction\",\"target\":[\"https:\\\/\\\/www.bansszabo.hu\\\/en\\\/impressum-with-data-of-the-websites-service-provider\\\/\"]}]},{\"@type\":\"ImageObject\",\"inLanguage\":\"en-US\",\"@id\":\"https:\\\/\\\/www.bansszabo.hu\\\/en\\\/impressum-with-data-of-the-websites-service-provider\\\/#primaryimage\",\"url\":\"https:\\\/\\\/www.bansszabo.hu\\\/wp-content\\\/uploads\\\/2022\\\/01\\\/pexels-andrea-piacquadio-764450-3.jpeg\",\"contentUrl\":\"https:\\\/\\\/www.bansszabo.hu\\\/wp-content\\\/uploads\\\/2022\\\/01\\\/pexels-andrea-piacquadio-764450-3.jpeg\",\"width\":1920,\"height\":400},{\"@type\":\"BreadcrumbList\",\"@id\":\"https:\\\/\\\/www.bansszabo.hu\\\/en\\\/impressum-with-data-of-the-websites-service-provider\\\/#breadcrumb\",\"itemListElement\":[{\"@type\":\"ListItem\",\"position\":1,\"name\":\"Kezd\u0151lap\",\"item\":\"https:\\\/\\\/www.bansszabo.hu\\\/en\\\/\"},{\"@type\":\"ListItem\",\"position\":2,\"name\":\"Impressum with data of the website\u2019s service provider:\"}]},{\"@type\":\"WebSite\",\"@id\":\"https:\\\/\\\/www.bansszabo.hu\\\/en\\\/#website\",\"url\":\"https:\\\/\\\/www.bansszabo.hu\\\/en\\\/\",\"name\":\"bansszabo\",\"description\":\"25 \u00e9ve \u00fcgyfeleink szolg\u00e1lat\u00e1ban, integrit\u00e1s \u00e9s tapasztalat\",\"publisher\":{\"@id\":\"https:\\\/\\\/www.bansszabo.hu\\\/en\\\/#organization\"},\"potentialAction\":[{\"@type\":\"SearchAction\",\"target\":{\"@type\":\"EntryPoint\",\"urlTemplate\":\"https:\\\/\\\/www.bansszabo.hu\\\/en\\\/?s={search_term_string}\"},\"query-input\":{\"@type\":\"PropertyValueSpecification\",\"valueRequired\":true,\"valueName\":\"search_term_string\"}}],\"inLanguage\":\"en-US\"},{\"@type\":\"Organization\",\"@id\":\"https:\\\/\\\/www.bansszabo.hu\\\/en\\\/#organization\",\"name\":\"B\u00e1n, S.Szab\u00f3, Rausch & Partners \u00dcgyv\u00e9di Iroda\",\"url\":\"https:\\\/\\\/www.bansszabo.hu\\\/en\\\/\",\"logo\":{\"@type\":\"ImageObject\",\"inLanguage\":\"en-US\",\"@id\":\"https:\\\/\\\/www.bansszabo.hu\\\/en\\\/#\\\/schema\\\/logo\\\/image\\\/\",\"url\":\"https:\\\/\\\/www.bansszabo.hu\\\/wp-content\\\/uploads\\\/2022\\\/02\\\/bsr-25logo.png\",\"contentUrl\":\"https:\\\/\\\/www.bansszabo.hu\\\/wp-content\\\/uploads\\\/2022\\\/02\\\/bsr-25logo.png\",\"width\":269,\"height\":75,\"caption\":\"B\u00e1n, S.Szab\u00f3, Rausch & Partners \u00dcgyv\u00e9di Iroda\"},\"image\":{\"@id\":\"https:\\\/\\\/www.bansszabo.hu\\\/en\\\/#\\\/schema\\\/logo\\\/image\\\/\"},\"sameAs\":[\"https:\\\/\\\/www.linkedin.com\\\/company\\\/bsrp\\\/\"]}]}<\/script>\n<!-- \/ Yoast SEO plugin. -->","yoast_head_json":{"title":"Impressum with data of the website\u2019s service provider: - bansszabo","robots":{"index":"index","follow":"follow","max-snippet":"max-snippet:-1","max-image-preview":"max-image-preview:large","max-video-preview":"max-video-preview:-1"},"canonical":"https:\/\/www.bansszabo.hu\/en\/impressum-with-data-of-the-websites-service-provider\/","og_locale":"en_US","og_type":"article","og_title":"Impressum with data of the website\u2019s service provider: - bansszabo","og_description":"Name: B\u00e1n, S. Szab\u00f3, Rausch &amp; Partners law firm Seat 1051 Budapest, J\u00f3zsef n\u00e1dor t\u00e9r [&hellip;]","og_url":"https:\/\/www.bansszabo.hu\/en\/impressum-with-data-of-the-websites-service-provider\/","og_site_name":"bansszabo","og_image":[{"width":1920,"height":400,"url":"https:\/\/www.bansszabo.hu\/wp-content\/uploads\/2022\/01\/pexels-andrea-piacquadio-764450-3.jpeg","type":"image\/jpeg"}],"twitter_card":"summary_large_image","schema":{"@context":"https:\/\/schema.org","@graph":[{"@type":"WebPage","@id":"https:\/\/www.bansszabo.hu\/en\/impressum-with-data-of-the-websites-service-provider\/","url":"https:\/\/www.bansszabo.hu\/en\/impressum-with-data-of-the-websites-service-provider\/","name":"Impressum with data of the website\u2019s service provider: - bansszabo","isPartOf":{"@id":"https:\/\/www.bansszabo.hu\/en\/#website"},"primaryImageOfPage":{"@id":"https:\/\/www.bansszabo.hu\/en\/impressum-with-data-of-the-websites-service-provider\/#primaryimage"},"image":{"@id":"https:\/\/www.bansszabo.hu\/en\/impressum-with-data-of-the-websites-service-provider\/#primaryimage"},"thumbnailUrl":"https:\/\/www.bansszabo.hu\/wp-content\/uploads\/2022\/01\/pexels-andrea-piacquadio-764450-3.jpeg","datePublished":"2022-02-01T13:34:35+00:00","breadcrumb":{"@id":"https:\/\/www.bansszabo.hu\/en\/impressum-with-data-of-the-websites-service-provider\/#breadcrumb"},"inLanguage":"en-US","potentialAction":[{"@type":"ReadAction","target":["https:\/\/www.bansszabo.hu\/en\/impressum-with-data-of-the-websites-service-provider\/"]}]},{"@type":"ImageObject","inLanguage":"en-US","@id":"https:\/\/www.bansszabo.hu\/en\/impressum-with-data-of-the-websites-service-provider\/#primaryimage","url":"https:\/\/www.bansszabo.hu\/wp-content\/uploads\/2022\/01\/pexels-andrea-piacquadio-764450-3.jpeg","contentUrl":"https:\/\/www.bansszabo.hu\/wp-content\/uploads\/2022\/01\/pexels-andrea-piacquadio-764450-3.jpeg","width":1920,"height":400},{"@type":"BreadcrumbList","@id":"https:\/\/www.bansszabo.hu\/en\/impressum-with-data-of-the-websites-service-provider\/#breadcrumb","itemListElement":[{"@type":"ListItem","position":1,"name":"Kezd\u0151lap","item":"https:\/\/www.bansszabo.hu\/en\/"},{"@type":"ListItem","position":2,"name":"Impressum with data of the website\u2019s service provider:"}]},{"@type":"WebSite","@id":"https:\/\/www.bansszabo.hu\/en\/#website","url":"https:\/\/www.bansszabo.hu\/en\/","name":"bansszabo","description":"25 \u00e9ve \u00fcgyfeleink szolg\u00e1lat\u00e1ban, integrit\u00e1s \u00e9s tapasztalat","publisher":{"@id":"https:\/\/www.bansszabo.hu\/en\/#organization"},"potentialAction":[{"@type":"SearchAction","target":{"@type":"EntryPoint","urlTemplate":"https:\/\/www.bansszabo.hu\/en\/?s={search_term_string}"},"query-input":{"@type":"PropertyValueSpecification","valueRequired":true,"valueName":"search_term_string"}}],"inLanguage":"en-US"},{"@type":"Organization","@id":"https:\/\/www.bansszabo.hu\/en\/#organization","name":"B\u00e1n, S.Szab\u00f3, Rausch & Partners \u00dcgyv\u00e9di Iroda","url":"https:\/\/www.bansszabo.hu\/en\/","logo":{"@type":"ImageObject","inLanguage":"en-US","@id":"https:\/\/www.bansszabo.hu\/en\/#\/schema\/logo\/image\/","url":"https:\/\/www.bansszabo.hu\/wp-content\/uploads\/2022\/02\/bsr-25logo.png","contentUrl":"https:\/\/www.bansszabo.hu\/wp-content\/uploads\/2022\/02\/bsr-25logo.png","width":269,"height":75,"caption":"B\u00e1n, S.Szab\u00f3, Rausch & Partners \u00dcgyv\u00e9di Iroda"},"image":{"@id":"https:\/\/www.bansszabo.hu\/en\/#\/schema\/logo\/image\/"},"sameAs":["https:\/\/www.linkedin.com\/company\/bsrp\/"]}]}},"_links":{"self":[{"href":"https:\/\/www.bansszabo.hu\/en\/wp-json\/wp\/v2\/pages\/527","targetHints":{"allow":["GET"]}}],"collection":[{"href":"https:\/\/www.bansszabo.hu\/en\/wp-json\/wp\/v2\/pages"}],"about":[{"href":"https:\/\/www.bansszabo.hu\/en\/wp-json\/wp\/v2\/types\/page"}],"author":[{"embeddable":true,"href":"https:\/\/www.bansszabo.hu\/en\/wp-json\/wp\/v2\/users\/2"}],"replies":[{"embeddable":true,"href":"https:\/\/www.bansszabo.hu\/en\/wp-json\/wp\/v2\/comments?post=527"}],"version-history":[{"count":1,"href":"https:\/\/www.bansszabo.hu\/en\/wp-json\/wp\/v2\/pages\/527\/revisions"}],"predecessor-version":[{"id":528,"href":"https:\/\/www.bansszabo.hu\/en\/wp-json\/wp\/v2\/pages\/527\/revisions\/528"}],"wp:featuredmedia":[{"embeddable":true,"href":"https:\/\/www.bansszabo.hu\/en\/wp-json\/wp\/v2\/media\/492"}],"wp:attachment":[{"href":"https:\/\/www.bansszabo.hu\/en\/wp-json\/wp\/v2\/media?parent=527"}],"curies":[{"name":"wp","href":"https:\/\/api.w.org\/{rel}","templated":true}]}}