{"id":621,"date":"2022-02-08T16:59:40","date_gmt":"2022-02-08T15:59:40","guid":{"rendered":"https:\/\/www.bansszabo.hu\/?page_id=621"},"modified":"2022-02-25T12:34:54","modified_gmt":"2022-02-25T11:34:54","slug":"aviation","status":"publish","type":"page","link":"https:\/\/www.bansszabo.hu\/en\/industry-fileds\/aviation\/","title":{"rendered":"Aviation"},"content":{"rendered":"\n<p><\/p>\n\n\n\n<p>B\u00e1n, S. Szab\u00f3, Rausch &amp; Partners has been providing legal advice to its clients especially in the following fields of aviation:<\/p>\n\n\n\n<ul class=\"wp-block-list\"><li>Registration: Representation before the Hungarian Civil Aviation Authority in proceedings relating to registration and deregistration of aircrafts in the national register;&nbsp;<\/li><\/ul>\n\n\n\n<ul class=\"wp-block-list\"><li>registration of third-party rights in the national register; licensing and permit issues; approval of air carrier\u2019s general terms and conditions; approval of wet-lease agreements;<\/li><\/ul>\n\n\n\n<ul class=\"wp-block-list\"><li>Pricing: Providing legal advice in connection with airlines\u2019 and airports\u2019 pricing in dominant market position;<\/li><\/ul>\n\n\n\n<ul class=\"wp-block-list\"><li>General Terms and Conditions: Drafting general terms and conditions of air carriers in accordance with Hungarian and EU legal regulations and regulatory requirements of the Hungarian Civil Aviation Authority and the authorities of the European Union;&nbsp;<\/li><\/ul>\n\n\n\n<ul class=\"wp-block-list\"><li>Consumer protection matters: Representation of air carriers in connection with consumer protection matters initiated by passengers;&nbsp;<\/li><\/ul>\n","protected":false},"excerpt":{"rendered":"<p>B\u00e1n, S. Szab\u00f3, Rausch &amp; Partners has been providing legal advice to its clients especially [&hellip;]<\/p>\n","protected":false},"author":2,"featured_media":1069,"parent":890,"menu_order":0,"comment_status":"closed","ping_status":"closed","template":"industry-field.php","meta":{"_acf_changed":false,"footnotes":""},"class_list":["post-621","page","type-page","status-publish","has-post-thumbnail","hentry"],"acf":[],"yoast_head":"<!-- This site is optimized with the Yoast SEO plugin v27.4 - https:\/\/yoast.com\/product\/yoast-seo-wordpress\/ -->\n<title>Aviation - bansszabo<\/title>\n<meta name=\"robots\" content=\"index, follow, max-snippet:-1, max-image-preview:large, max-video-preview:-1\" \/>\n<link rel=\"canonical\" href=\"https:\/\/www.bansszabo.hu\/en\/industry-fileds\/aviation\/\" \/>\n<meta property=\"og:locale\" content=\"en_US\" \/>\n<meta property=\"og:type\" content=\"article\" \/>\n<meta property=\"og:title\" content=\"Aviation - bansszabo\" \/>\n<meta property=\"og:description\" content=\"B\u00e1n, S. Szab\u00f3, Rausch &amp; Partners has been providing legal advice to its clients especially [&hellip;]\" \/>\n<meta property=\"og:url\" content=\"https:\/\/www.bansszabo.hu\/en\/industry-fileds\/aviation\/\" \/>\n<meta property=\"og:site_name\" content=\"bansszabo\" \/>\n<meta property=\"article:modified_time\" content=\"2022-02-25T11:34:54+00:00\" \/>\n<meta property=\"og:image\" content=\"https:\/\/www.bansszabo.hu\/wp-content\/uploads\/2022\/02\/shutterstock_1450382897.jpg\" \/>\n\t<meta property=\"og:image:width\" content=\"2000\" \/>\n\t<meta property=\"og:image:height\" content=\"1081\" \/>\n\t<meta property=\"og:image:type\" content=\"image\/jpeg\" \/>\n<meta name=\"twitter:card\" content=\"summary_large_image\" \/>\n<meta name=\"twitter:label1\" content=\"Est. reading time\" \/>\n\t<meta name=\"twitter:data1\" content=\"1 minute\" \/>\n<script type=\"application\/ld+json\" class=\"yoast-schema-graph\">{\"@context\":\"https:\\\/\\\/schema.org\",\"@graph\":[{\"@type\":\"WebPage\",\"@id\":\"https:\\\/\\\/www.bansszabo.hu\\\/en\\\/industry-fileds\\\/aviation\\\/\",\"url\":\"https:\\\/\\\/www.bansszabo.hu\\\/en\\\/industry-fileds\\\/aviation\\\/\",\"name\":\"Aviation - bansszabo\",\"isPartOf\":{\"@id\":\"https:\\\/\\\/www.bansszabo.hu\\\/en\\\/#website\"},\"primaryImageOfPage\":{\"@id\":\"https:\\\/\\\/www.bansszabo.hu\\\/en\\\/industry-fileds\\\/aviation\\\/#primaryimage\"},\"image\":{\"@id\":\"https:\\\/\\\/www.bansszabo.hu\\\/en\\\/industry-fileds\\\/aviation\\\/#primaryimage\"},\"thumbnailUrl\":\"https:\\\/\\\/www.bansszabo.hu\\\/wp-content\\\/uploads\\\/2022\\\/02\\\/shutterstock_1450382897.jpg\",\"datePublished\":\"2022-02-08T15:59:40+00:00\",\"dateModified\":\"2022-02-25T11:34:54+00:00\",\"breadcrumb\":{\"@id\":\"https:\\\/\\\/www.bansszabo.hu\\\/en\\\/industry-fileds\\\/aviation\\\/#breadcrumb\"},\"inLanguage\":\"en-US\",\"potentialAction\":[{\"@type\":\"ReadAction\",\"target\":[\"https:\\\/\\\/www.bansszabo.hu\\\/en\\\/industry-fileds\\\/aviation\\\/\"]}]},{\"@type\":\"ImageObject\",\"inLanguage\":\"en-US\",\"@id\":\"https:\\\/\\\/www.bansszabo.hu\\\/en\\\/industry-fileds\\\/aviation\\\/#primaryimage\",\"url\":\"https:\\\/\\\/www.bansszabo.hu\\\/wp-content\\\/uploads\\\/2022\\\/02\\\/shutterstock_1450382897.jpg\",\"contentUrl\":\"https:\\\/\\\/www.bansszabo.hu\\\/wp-content\\\/uploads\\\/2022\\\/02\\\/shutterstock_1450382897.jpg\",\"width\":2000,\"height\":1081},{\"@type\":\"BreadcrumbList\",\"@id\":\"https:\\\/\\\/www.bansszabo.hu\\\/en\\\/industry-fileds\\\/aviation\\\/#breadcrumb\",\"itemListElement\":[{\"@type\":\"ListItem\",\"position\":1,\"name\":\"Kezd\u0151lap\",\"item\":\"https:\\\/\\\/www.bansszabo.hu\\\/en\\\/\"},{\"@type\":\"ListItem\",\"position\":2,\"name\":\"Industry fields\",\"item\":\"https:\\\/\\\/www.bansszabo.hu\\\/en\\\/industry-fileds\\\/\"},{\"@type\":\"ListItem\",\"position\":3,\"name\":\"Aviation\"}]},{\"@type\":\"WebSite\",\"@id\":\"https:\\\/\\\/www.bansszabo.hu\\\/en\\\/#website\",\"url\":\"https:\\\/\\\/www.bansszabo.hu\\\/en\\\/\",\"name\":\"bansszabo\",\"description\":\"25 \u00e9ve \u00fcgyfeleink szolg\u00e1lat\u00e1ban, integrit\u00e1s \u00e9s tapasztalat\",\"publisher\":{\"@id\":\"https:\\\/\\\/www.bansszabo.hu\\\/en\\\/#organization\"},\"potentialAction\":[{\"@type\":\"SearchAction\",\"target\":{\"@type\":\"EntryPoint\",\"urlTemplate\":\"https:\\\/\\\/www.bansszabo.hu\\\/en\\\/?s={search_term_string}\"},\"query-input\":{\"@type\":\"PropertyValueSpecification\",\"valueRequired\":true,\"valueName\":\"search_term_string\"}}],\"inLanguage\":\"en-US\"},{\"@type\":\"Organization\",\"@id\":\"https:\\\/\\\/www.bansszabo.hu\\\/en\\\/#organization\",\"name\":\"B\u00e1n, S.Szab\u00f3, Rausch & Partners \u00dcgyv\u00e9di Iroda\",\"url\":\"https:\\\/\\\/www.bansszabo.hu\\\/en\\\/\",\"logo\":{\"@type\":\"ImageObject\",\"inLanguage\":\"en-US\",\"@id\":\"https:\\\/\\\/www.bansszabo.hu\\\/en\\\/#\\\/schema\\\/logo\\\/image\\\/\",\"url\":\"https:\\\/\\\/www.bansszabo.hu\\\/wp-content\\\/uploads\\\/2022\\\/02\\\/bsr-25logo.png\",\"contentUrl\":\"https:\\\/\\\/www.bansszabo.hu\\\/wp-content\\\/uploads\\\/2022\\\/02\\\/bsr-25logo.png\",\"width\":269,\"height\":75,\"caption\":\"B\u00e1n, S.Szab\u00f3, Rausch & Partners \u00dcgyv\u00e9di Iroda\"},\"image\":{\"@id\":\"https:\\\/\\\/www.bansszabo.hu\\\/en\\\/#\\\/schema\\\/logo\\\/image\\\/\"},\"sameAs\":[\"https:\\\/\\\/www.linkedin.com\\\/company\\\/bsrp\\\/\"]}]}<\/script>\n<!-- \/ Yoast SEO plugin. -->","yoast_head_json":{"title":"Aviation - bansszabo","robots":{"index":"index","follow":"follow","max-snippet":"max-snippet:-1","max-image-preview":"max-image-preview:large","max-video-preview":"max-video-preview:-1"},"canonical":"https:\/\/www.bansszabo.hu\/en\/industry-fileds\/aviation\/","og_locale":"en_US","og_type":"article","og_title":"Aviation - bansszabo","og_description":"B\u00e1n, S. Szab\u00f3, Rausch &amp; Partners has been providing legal advice to its clients especially [&hellip;]","og_url":"https:\/\/www.bansszabo.hu\/en\/industry-fileds\/aviation\/","og_site_name":"bansszabo","article_modified_time":"2022-02-25T11:34:54+00:00","og_image":[{"width":2000,"height":1081,"url":"https:\/\/www.bansszabo.hu\/wp-content\/uploads\/2022\/02\/shutterstock_1450382897.jpg","type":"image\/jpeg"}],"twitter_card":"summary_large_image","twitter_misc":{"Est. reading time":"1 minute"},"schema":{"@context":"https:\/\/schema.org","@graph":[{"@type":"WebPage","@id":"https:\/\/www.bansszabo.hu\/en\/industry-fileds\/aviation\/","url":"https:\/\/www.bansszabo.hu\/en\/industry-fileds\/aviation\/","name":"Aviation - bansszabo","isPartOf":{"@id":"https:\/\/www.bansszabo.hu\/en\/#website"},"primaryImageOfPage":{"@id":"https:\/\/www.bansszabo.hu\/en\/industry-fileds\/aviation\/#primaryimage"},"image":{"@id":"https:\/\/www.bansszabo.hu\/en\/industry-fileds\/aviation\/#primaryimage"},"thumbnailUrl":"https:\/\/www.bansszabo.hu\/wp-content\/uploads\/2022\/02\/shutterstock_1450382897.jpg","datePublished":"2022-02-08T15:59:40+00:00","dateModified":"2022-02-25T11:34:54+00:00","breadcrumb":{"@id":"https:\/\/www.bansszabo.hu\/en\/industry-fileds\/aviation\/#breadcrumb"},"inLanguage":"en-US","potentialAction":[{"@type":"ReadAction","target":["https:\/\/www.bansszabo.hu\/en\/industry-fileds\/aviation\/"]}]},{"@type":"ImageObject","inLanguage":"en-US","@id":"https:\/\/www.bansszabo.hu\/en\/industry-fileds\/aviation\/#primaryimage","url":"https:\/\/www.bansszabo.hu\/wp-content\/uploads\/2022\/02\/shutterstock_1450382897.jpg","contentUrl":"https:\/\/www.bansszabo.hu\/wp-content\/uploads\/2022\/02\/shutterstock_1450382897.jpg","width":2000,"height":1081},{"@type":"BreadcrumbList","@id":"https:\/\/www.bansszabo.hu\/en\/industry-fileds\/aviation\/#breadcrumb","itemListElement":[{"@type":"ListItem","position":1,"name":"Kezd\u0151lap","item":"https:\/\/www.bansszabo.hu\/en\/"},{"@type":"ListItem","position":2,"name":"Industry fields","item":"https:\/\/www.bansszabo.hu\/en\/industry-fileds\/"},{"@type":"ListItem","position":3,"name":"Aviation"}]},{"@type":"WebSite","@id":"https:\/\/www.bansszabo.hu\/en\/#website","url":"https:\/\/www.bansszabo.hu\/en\/","name":"bansszabo","description":"25 \u00e9ve \u00fcgyfeleink szolg\u00e1lat\u00e1ban, integrit\u00e1s \u00e9s tapasztalat","publisher":{"@id":"https:\/\/www.bansszabo.hu\/en\/#organization"},"potentialAction":[{"@type":"SearchAction","target":{"@type":"EntryPoint","urlTemplate":"https:\/\/www.bansszabo.hu\/en\/?s={search_term_string}"},"query-input":{"@type":"PropertyValueSpecification","valueRequired":true,"valueName":"search_term_string"}}],"inLanguage":"en-US"},{"@type":"Organization","@id":"https:\/\/www.bansszabo.hu\/en\/#organization","name":"B\u00e1n, S.Szab\u00f3, Rausch & Partners \u00dcgyv\u00e9di Iroda","url":"https:\/\/www.bansszabo.hu\/en\/","logo":{"@type":"ImageObject","inLanguage":"en-US","@id":"https:\/\/www.bansszabo.hu\/en\/#\/schema\/logo\/image\/","url":"https:\/\/www.bansszabo.hu\/wp-content\/uploads\/2022\/02\/bsr-25logo.png","contentUrl":"https:\/\/www.bansszabo.hu\/wp-content\/uploads\/2022\/02\/bsr-25logo.png","width":269,"height":75,"caption":"B\u00e1n, S.Szab\u00f3, Rausch & Partners \u00dcgyv\u00e9di Iroda"},"image":{"@id":"https:\/\/www.bansszabo.hu\/en\/#\/schema\/logo\/image\/"},"sameAs":["https:\/\/www.linkedin.com\/company\/bsrp\/"]}]}},"_links":{"self":[{"href":"https:\/\/www.bansszabo.hu\/en\/wp-json\/wp\/v2\/pages\/621","targetHints":{"allow":["GET"]}}],"collection":[{"href":"https:\/\/www.bansszabo.hu\/en\/wp-json\/wp\/v2\/pages"}],"about":[{"href":"https:\/\/www.bansszabo.hu\/en\/wp-json\/wp\/v2\/types\/page"}],"author":[{"embeddable":true,"href":"https:\/\/www.bansszabo.hu\/en\/wp-json\/wp\/v2\/users\/2"}],"replies":[{"embeddable":true,"href":"https:\/\/www.bansszabo.hu\/en\/wp-json\/wp\/v2\/comments?post=621"}],"version-history":[{"count":1,"href":"https:\/\/www.bansszabo.hu\/en\/wp-json\/wp\/v2\/pages\/621\/revisions"}],"predecessor-version":[{"id":622,"href":"https:\/\/www.bansszabo.hu\/en\/wp-json\/wp\/v2\/pages\/621\/revisions\/622"}],"up":[{"embeddable":true,"href":"https:\/\/www.bansszabo.hu\/en\/wp-json\/wp\/v2\/pages\/890"}],"wp:featuredmedia":[{"embeddable":true,"href":"https:\/\/www.bansszabo.hu\/en\/wp-json\/wp\/v2\/media\/1069"}],"wp:attachment":[{"href":"https:\/\/www.bansszabo.hu\/en\/wp-json\/wp\/v2\/media?parent=621"}],"curies":[{"name":"wp","href":"https:\/\/api.w.org\/{rel}","templated":true}]}}