{"id":627,"date":"2022-02-01T17:10:19","date_gmt":"2022-02-01T16:10:19","guid":{"rendered":"https:\/\/www.bansszabo.hu\/?page_id=627"},"modified":"2022-02-25T12:33:31","modified_gmt":"2022-02-25T11:33:31","slug":"energy-law","status":"publish","type":"page","link":"https:\/\/www.bansszabo.hu\/en\/industry-fileds\/energy-law\/","title":{"rendered":"Energy Law"},"content":{"rendered":"\n<p>Our energy law team, which also includes a qualified energy lawyer, has been involved in a number of industry-leading transactions over the past decades and regularly advises our clients on complex regulatory issues.<\/p>\n\n\n\n<p>B\u00e1n, S. Szab\u00f3, Rausch &amp; Partners&#8217; activities in the field of energy law include, but are not limited to:<\/p>\n\n\n\n<ul class=\"wp-block-list\"><li>Licensing and establishment: Full-range advice and official administration on the establishment of power plants, operating permits and related contracts;<\/li><\/ul>\n\n\n\n<ul class=\"wp-block-list\"><li>Energy procurement: conducting electricity and natural gas purchases on the side of tenderers and bidders, advising on change of energy traders;<\/li><\/ul>\n\n\n\n<ul class=\"wp-block-list\"><li>Drafting of contracts and other instruments: drafting, amendment and commenting of energy service contracts, general terms and conditions; consultancy with regard to electricity and natural gas supply contracts;<\/li><\/ul>\n\n\n\n<ul class=\"wp-block-list\"><li>Private line cases: full representation of both the supplier and the user side and related document drafting in private line cases of office buildings and industrial parks;<\/li><\/ul>\n\n\n\n<ul class=\"wp-block-list\"><li>Renewable energy: Comprehensive advising and representation regarding projects and companies related to renewable energy; representation during the MET\u00c1R tender;<\/li><\/ul>\n\n\n\n<ul class=\"wp-block-list\"><li>Transactional advice: Complete advising and drafting related to mergers and acquisitions of energy companies and related due diligence processes;<\/li><\/ul>\n\n\n\n<ul class=\"wp-block-list\"><li>Dispute resolution and representation before authorities: Representation of our clients concerning a wide range of energy law related issues, procedures and disputes involving litigation, arbitration and out-of-court cases and before authorities (MEKH-HEO and GVH-HCA).<\/li><\/ul>\n","protected":false},"excerpt":{"rendered":"<p>Our energy law team, which also includes a qualified energy lawyer, has been involved in [&hellip;]<\/p>\n","protected":false},"author":2,"featured_media":1061,"parent":890,"menu_order":0,"comment_status":"closed","ping_status":"closed","template":"industry-field.php","meta":{"_acf_changed":false,"footnotes":""},"class_list":["post-627","page","type-page","status-publish","has-post-thumbnail","hentry"],"acf":[],"yoast_head":"<!-- This site is optimized with the Yoast SEO plugin v27.4 - https:\/\/yoast.com\/product\/yoast-seo-wordpress\/ -->\n<title>Energy Law - bansszabo<\/title>\n<meta name=\"robots\" content=\"index, follow, max-snippet:-1, max-image-preview:large, max-video-preview:-1\" \/>\n<link rel=\"canonical\" href=\"https:\/\/www.bansszabo.hu\/en\/industry-fileds\/energy-law\/\" \/>\n<meta property=\"og:locale\" content=\"en_US\" \/>\n<meta property=\"og:type\" content=\"article\" \/>\n<meta property=\"og:title\" content=\"Energy Law - bansszabo\" \/>\n<meta property=\"og:description\" content=\"Our energy law team, which also includes a qualified energy lawyer, has been involved in [&hellip;]\" \/>\n<meta property=\"og:url\" content=\"https:\/\/www.bansszabo.hu\/en\/industry-fileds\/energy-law\/\" \/>\n<meta property=\"og:site_name\" content=\"bansszabo\" \/>\n<meta property=\"article:modified_time\" content=\"2022-02-25T11:33:31+00:00\" \/>\n<meta property=\"og:image\" content=\"https:\/\/www.bansszabo.hu\/wp-content\/uploads\/2022\/02\/shutterstock_493381384.jpg\" \/>\n\t<meta property=\"og:image:width\" content=\"2000\" \/>\n\t<meta property=\"og:image:height\" content=\"1333\" \/>\n\t<meta property=\"og:image:type\" content=\"image\/jpeg\" \/>\n<meta name=\"twitter:card\" content=\"summary_large_image\" \/>\n<meta name=\"twitter:label1\" content=\"Est. reading time\" \/>\n\t<meta name=\"twitter:data1\" content=\"1 minute\" \/>\n<script type=\"application\/ld+json\" class=\"yoast-schema-graph\">{\"@context\":\"https:\\\/\\\/schema.org\",\"@graph\":[{\"@type\":\"WebPage\",\"@id\":\"https:\\\/\\\/www.bansszabo.hu\\\/en\\\/industry-fileds\\\/energy-law\\\/\",\"url\":\"https:\\\/\\\/www.bansszabo.hu\\\/en\\\/industry-fileds\\\/energy-law\\\/\",\"name\":\"Energy Law - bansszabo\",\"isPartOf\":{\"@id\":\"https:\\\/\\\/www.bansszabo.hu\\\/en\\\/#website\"},\"primaryImageOfPage\":{\"@id\":\"https:\\\/\\\/www.bansszabo.hu\\\/en\\\/industry-fileds\\\/energy-law\\\/#primaryimage\"},\"image\":{\"@id\":\"https:\\\/\\\/www.bansszabo.hu\\\/en\\\/industry-fileds\\\/energy-law\\\/#primaryimage\"},\"thumbnailUrl\":\"https:\\\/\\\/www.bansszabo.hu\\\/wp-content\\\/uploads\\\/2022\\\/02\\\/shutterstock_493381384.jpg\",\"datePublished\":\"2022-02-01T16:10:19+00:00\",\"dateModified\":\"2022-02-25T11:33:31+00:00\",\"breadcrumb\":{\"@id\":\"https:\\\/\\\/www.bansszabo.hu\\\/en\\\/industry-fileds\\\/energy-law\\\/#breadcrumb\"},\"inLanguage\":\"en-US\",\"potentialAction\":[{\"@type\":\"ReadAction\",\"target\":[\"https:\\\/\\\/www.bansszabo.hu\\\/en\\\/industry-fileds\\\/energy-law\\\/\"]}]},{\"@type\":\"ImageObject\",\"inLanguage\":\"en-US\",\"@id\":\"https:\\\/\\\/www.bansszabo.hu\\\/en\\\/industry-fileds\\\/energy-law\\\/#primaryimage\",\"url\":\"https:\\\/\\\/www.bansszabo.hu\\\/wp-content\\\/uploads\\\/2022\\\/02\\\/shutterstock_493381384.jpg\",\"contentUrl\":\"https:\\\/\\\/www.bansszabo.hu\\\/wp-content\\\/uploads\\\/2022\\\/02\\\/shutterstock_493381384.jpg\",\"width\":2000,\"height\":1333},{\"@type\":\"BreadcrumbList\",\"@id\":\"https:\\\/\\\/www.bansszabo.hu\\\/en\\\/industry-fileds\\\/energy-law\\\/#breadcrumb\",\"itemListElement\":[{\"@type\":\"ListItem\",\"position\":1,\"name\":\"Kezd\u0151lap\",\"item\":\"https:\\\/\\\/www.bansszabo.hu\\\/en\\\/\"},{\"@type\":\"ListItem\",\"position\":2,\"name\":\"Industry fields\",\"item\":\"https:\\\/\\\/www.bansszabo.hu\\\/en\\\/industry-fileds\\\/\"},{\"@type\":\"ListItem\",\"position\":3,\"name\":\"Energy Law\"}]},{\"@type\":\"WebSite\",\"@id\":\"https:\\\/\\\/www.bansszabo.hu\\\/en\\\/#website\",\"url\":\"https:\\\/\\\/www.bansszabo.hu\\\/en\\\/\",\"name\":\"bansszabo\",\"description\":\"25 \u00e9ve \u00fcgyfeleink szolg\u00e1lat\u00e1ban, integrit\u00e1s \u00e9s tapasztalat\",\"publisher\":{\"@id\":\"https:\\\/\\\/www.bansszabo.hu\\\/en\\\/#organization\"},\"potentialAction\":[{\"@type\":\"SearchAction\",\"target\":{\"@type\":\"EntryPoint\",\"urlTemplate\":\"https:\\\/\\\/www.bansszabo.hu\\\/en\\\/?s={search_term_string}\"},\"query-input\":{\"@type\":\"PropertyValueSpecification\",\"valueRequired\":true,\"valueName\":\"search_term_string\"}}],\"inLanguage\":\"en-US\"},{\"@type\":\"Organization\",\"@id\":\"https:\\\/\\\/www.bansszabo.hu\\\/en\\\/#organization\",\"name\":\"B\u00e1n, S.Szab\u00f3, Rausch & Partners \u00dcgyv\u00e9di Iroda\",\"url\":\"https:\\\/\\\/www.bansszabo.hu\\\/en\\\/\",\"logo\":{\"@type\":\"ImageObject\",\"inLanguage\":\"en-US\",\"@id\":\"https:\\\/\\\/www.bansszabo.hu\\\/en\\\/#\\\/schema\\\/logo\\\/image\\\/\",\"url\":\"https:\\\/\\\/www.bansszabo.hu\\\/wp-content\\\/uploads\\\/2022\\\/02\\\/bsr-25logo.png\",\"contentUrl\":\"https:\\\/\\\/www.bansszabo.hu\\\/wp-content\\\/uploads\\\/2022\\\/02\\\/bsr-25logo.png\",\"width\":269,\"height\":75,\"caption\":\"B\u00e1n, S.Szab\u00f3, Rausch & Partners \u00dcgyv\u00e9di Iroda\"},\"image\":{\"@id\":\"https:\\\/\\\/www.bansszabo.hu\\\/en\\\/#\\\/schema\\\/logo\\\/image\\\/\"},\"sameAs\":[\"https:\\\/\\\/www.linkedin.com\\\/company\\\/bsrp\\\/\"]}]}<\/script>\n<!-- \/ Yoast SEO plugin. -->","yoast_head_json":{"title":"Energy Law - bansszabo","robots":{"index":"index","follow":"follow","max-snippet":"max-snippet:-1","max-image-preview":"max-image-preview:large","max-video-preview":"max-video-preview:-1"},"canonical":"https:\/\/www.bansszabo.hu\/en\/industry-fileds\/energy-law\/","og_locale":"en_US","og_type":"article","og_title":"Energy Law - bansszabo","og_description":"Our energy law team, which also includes a qualified energy lawyer, has been involved in [&hellip;]","og_url":"https:\/\/www.bansszabo.hu\/en\/industry-fileds\/energy-law\/","og_site_name":"bansszabo","article_modified_time":"2022-02-25T11:33:31+00:00","og_image":[{"width":2000,"height":1333,"url":"https:\/\/www.bansszabo.hu\/wp-content\/uploads\/2022\/02\/shutterstock_493381384.jpg","type":"image\/jpeg"}],"twitter_card":"summary_large_image","twitter_misc":{"Est. reading time":"1 minute"},"schema":{"@context":"https:\/\/schema.org","@graph":[{"@type":"WebPage","@id":"https:\/\/www.bansszabo.hu\/en\/industry-fileds\/energy-law\/","url":"https:\/\/www.bansszabo.hu\/en\/industry-fileds\/energy-law\/","name":"Energy Law - bansszabo","isPartOf":{"@id":"https:\/\/www.bansszabo.hu\/en\/#website"},"primaryImageOfPage":{"@id":"https:\/\/www.bansszabo.hu\/en\/industry-fileds\/energy-law\/#primaryimage"},"image":{"@id":"https:\/\/www.bansszabo.hu\/en\/industry-fileds\/energy-law\/#primaryimage"},"thumbnailUrl":"https:\/\/www.bansszabo.hu\/wp-content\/uploads\/2022\/02\/shutterstock_493381384.jpg","datePublished":"2022-02-01T16:10:19+00:00","dateModified":"2022-02-25T11:33:31+00:00","breadcrumb":{"@id":"https:\/\/www.bansszabo.hu\/en\/industry-fileds\/energy-law\/#breadcrumb"},"inLanguage":"en-US","potentialAction":[{"@type":"ReadAction","target":["https:\/\/www.bansszabo.hu\/en\/industry-fileds\/energy-law\/"]}]},{"@type":"ImageObject","inLanguage":"en-US","@id":"https:\/\/www.bansszabo.hu\/en\/industry-fileds\/energy-law\/#primaryimage","url":"https:\/\/www.bansszabo.hu\/wp-content\/uploads\/2022\/02\/shutterstock_493381384.jpg","contentUrl":"https:\/\/www.bansszabo.hu\/wp-content\/uploads\/2022\/02\/shutterstock_493381384.jpg","width":2000,"height":1333},{"@type":"BreadcrumbList","@id":"https:\/\/www.bansszabo.hu\/en\/industry-fileds\/energy-law\/#breadcrumb","itemListElement":[{"@type":"ListItem","position":1,"name":"Kezd\u0151lap","item":"https:\/\/www.bansszabo.hu\/en\/"},{"@type":"ListItem","position":2,"name":"Industry fields","item":"https:\/\/www.bansszabo.hu\/en\/industry-fileds\/"},{"@type":"ListItem","position":3,"name":"Energy Law"}]},{"@type":"WebSite","@id":"https:\/\/www.bansszabo.hu\/en\/#website","url":"https:\/\/www.bansszabo.hu\/en\/","name":"bansszabo","description":"25 \u00e9ve \u00fcgyfeleink szolg\u00e1lat\u00e1ban, integrit\u00e1s \u00e9s tapasztalat","publisher":{"@id":"https:\/\/www.bansszabo.hu\/en\/#organization"},"potentialAction":[{"@type":"SearchAction","target":{"@type":"EntryPoint","urlTemplate":"https:\/\/www.bansszabo.hu\/en\/?s={search_term_string}"},"query-input":{"@type":"PropertyValueSpecification","valueRequired":true,"valueName":"search_term_string"}}],"inLanguage":"en-US"},{"@type":"Organization","@id":"https:\/\/www.bansszabo.hu\/en\/#organization","name":"B\u00e1n, S.Szab\u00f3, Rausch & Partners \u00dcgyv\u00e9di Iroda","url":"https:\/\/www.bansszabo.hu\/en\/","logo":{"@type":"ImageObject","inLanguage":"en-US","@id":"https:\/\/www.bansszabo.hu\/en\/#\/schema\/logo\/image\/","url":"https:\/\/www.bansszabo.hu\/wp-content\/uploads\/2022\/02\/bsr-25logo.png","contentUrl":"https:\/\/www.bansszabo.hu\/wp-content\/uploads\/2022\/02\/bsr-25logo.png","width":269,"height":75,"caption":"B\u00e1n, S.Szab\u00f3, Rausch & Partners \u00dcgyv\u00e9di Iroda"},"image":{"@id":"https:\/\/www.bansszabo.hu\/en\/#\/schema\/logo\/image\/"},"sameAs":["https:\/\/www.linkedin.com\/company\/bsrp\/"]}]}},"_links":{"self":[{"href":"https:\/\/www.bansszabo.hu\/en\/wp-json\/wp\/v2\/pages\/627","targetHints":{"allow":["GET"]}}],"collection":[{"href":"https:\/\/www.bansszabo.hu\/en\/wp-json\/wp\/v2\/pages"}],"about":[{"href":"https:\/\/www.bansszabo.hu\/en\/wp-json\/wp\/v2\/types\/page"}],"author":[{"embeddable":true,"href":"https:\/\/www.bansszabo.hu\/en\/wp-json\/wp\/v2\/users\/2"}],"replies":[{"embeddable":true,"href":"https:\/\/www.bansszabo.hu\/en\/wp-json\/wp\/v2\/comments?post=627"}],"version-history":[{"count":1,"href":"https:\/\/www.bansszabo.hu\/en\/wp-json\/wp\/v2\/pages\/627\/revisions"}],"predecessor-version":[{"id":628,"href":"https:\/\/www.bansszabo.hu\/en\/wp-json\/wp\/v2\/pages\/627\/revisions\/628"}],"up":[{"embeddable":true,"href":"https:\/\/www.bansszabo.hu\/en\/wp-json\/wp\/v2\/pages\/890"}],"wp:featuredmedia":[{"embeddable":true,"href":"https:\/\/www.bansszabo.hu\/en\/wp-json\/wp\/v2\/media\/1061"}],"wp:attachment":[{"href":"https:\/\/www.bansszabo.hu\/en\/wp-json\/wp\/v2\/media?parent=627"}],"curies":[{"name":"wp","href":"https:\/\/api.w.org\/{rel}","templated":true}]}}