{"id":633,"date":"2022-02-02T17:16:37","date_gmt":"2022-02-02T16:16:37","guid":{"rendered":"https:\/\/www.bansszabo.hu\/?page_id=633"},"modified":"2022-02-25T12:33:43","modified_gmt":"2022-02-25T11:33:43","slug":"tmt","status":"publish","type":"page","link":"https:\/\/www.bansszabo.hu\/en\/industry-fileds\/tmt\/","title":{"rendered":"Technology, Media and Telecommunications"},"content":{"rendered":"\n<p>Our office has an extremely diverse and deep experience and clientele in the field of TMT and ITC. In addition to our regulatory knowledge, we also help our clients with our in-depth technical and market knowledge. We are especially proud of the fact that we have been helping the development of the Hungarian telecommunications market since its establishment, and many of our customers are still major service providers today.<\/p>\n\n\n\n<p>In the field of Technology, Media and Telecommunications, our Office provides the following services:<\/p>\n\n\n\n<ul class=\"wp-block-list\"><li>Full representation before authorities (NMHH, Media Council): Representation of electronic communication service providers (both mobile and fixed line operators) and media providers on the full range of electronic communications and media law (licenses, notifications, regulatory and supervisory questions, frequency issues and tenders, building issues, market analysis and SMP procedures).<\/li><\/ul>\n\n\n\n<ul class=\"wp-block-list\"><li>Drafting of regulations and contracts, regulatory advice: drafting, amendment and commenting of GTCs, business regulations; development and review of contractual systems; advice on complex regulatory issues and related regulatory coordination.<\/li><\/ul>\n\n\n\n<ul class=\"wp-block-list\"><li>Full legal support for IT developments, procurement and services, and IT outsourcing.<\/li><\/ul>\n\n\n\n<ul class=\"wp-block-list\"><li>Comprehensive advice on advertising law, intellectual property and e-commerce law, from compliance with specific industry rules through competition law analysis to data protection compliance.<\/li><\/ul>\n\n\n\n<ul class=\"wp-block-list\"><li>Transactional advice: Complete advising and drafting related to mergers and acquisitions of companies active on Technology, Media and Telecommunications markets and related due diligence processes.<\/li><\/ul>\n\n\n\n<ul class=\"wp-block-list\"><li>Dispute resolution: Representation of our clients in litigation, arbitration, in out-of-court cases, and before NMHH and GVH (HCO) in disputes concerning a wide range of ICT and TMT matters.<\/li><\/ul>\n\n\n\n<ul class=\"wp-block-list\"><li>Data protection: development and review of data protection systems, regulations and policies; data transfers. Ensuring data protection compliance, including in particular impact assessment, DPO provision, incident management and education.<\/li><\/ul>\n","protected":false},"excerpt":{"rendered":"<p>Our office has an extremely diverse and deep experience and clientele in the field of [&hellip;]<\/p>\n","protected":false},"author":2,"featured_media":1073,"parent":890,"menu_order":0,"comment_status":"closed","ping_status":"closed","template":"industry-field.php","meta":{"_acf_changed":false,"footnotes":""},"class_list":["post-633","page","type-page","status-publish","has-post-thumbnail","hentry"],"acf":[],"yoast_head":"<!-- This site is optimized with the Yoast SEO plugin v27.4 - https:\/\/yoast.com\/product\/yoast-seo-wordpress\/ -->\n<title>Technology, Media and Telecommunications - bansszabo<\/title>\n<meta name=\"robots\" content=\"index, follow, max-snippet:-1, max-image-preview:large, max-video-preview:-1\" \/>\n<link rel=\"canonical\" href=\"https:\/\/www.bansszabo.hu\/en\/industry-fileds\/tmt\/\" \/>\n<meta property=\"og:locale\" content=\"en_US\" \/>\n<meta property=\"og:type\" content=\"article\" \/>\n<meta property=\"og:title\" content=\"Technology, Media and Telecommunications - bansszabo\" \/>\n<meta property=\"og:description\" content=\"Our office has an extremely diverse and deep experience and clientele in the field of [&hellip;]\" \/>\n<meta property=\"og:url\" content=\"https:\/\/www.bansszabo.hu\/en\/industry-fileds\/tmt\/\" \/>\n<meta property=\"og:site_name\" content=\"bansszabo\" \/>\n<meta property=\"article:modified_time\" content=\"2022-02-25T11:33:43+00:00\" \/>\n<meta property=\"og:image\" content=\"https:\/\/www.bansszabo.hu\/wp-content\/uploads\/2022\/02\/shutterstock_1791688289.jpg\" \/>\n\t<meta property=\"og:image:width\" content=\"2000\" \/>\n\t<meta property=\"og:image:height\" content=\"1334\" \/>\n\t<meta property=\"og:image:type\" content=\"image\/jpeg\" \/>\n<meta name=\"twitter:card\" content=\"summary_large_image\" \/>\n<meta name=\"twitter:label1\" content=\"Est. reading time\" \/>\n\t<meta name=\"twitter:data1\" content=\"1 minute\" \/>\n<script type=\"application\/ld+json\" class=\"yoast-schema-graph\">{\"@context\":\"https:\\\/\\\/schema.org\",\"@graph\":[{\"@type\":\"WebPage\",\"@id\":\"https:\\\/\\\/www.bansszabo.hu\\\/en\\\/industry-fileds\\\/tmt\\\/\",\"url\":\"https:\\\/\\\/www.bansszabo.hu\\\/en\\\/industry-fileds\\\/tmt\\\/\",\"name\":\"Technology, Media and Telecommunications - bansszabo\",\"isPartOf\":{\"@id\":\"https:\\\/\\\/www.bansszabo.hu\\\/en\\\/#website\"},\"primaryImageOfPage\":{\"@id\":\"https:\\\/\\\/www.bansszabo.hu\\\/en\\\/industry-fileds\\\/tmt\\\/#primaryimage\"},\"image\":{\"@id\":\"https:\\\/\\\/www.bansszabo.hu\\\/en\\\/industry-fileds\\\/tmt\\\/#primaryimage\"},\"thumbnailUrl\":\"https:\\\/\\\/www.bansszabo.hu\\\/wp-content\\\/uploads\\\/2022\\\/02\\\/shutterstock_1791688289.jpg\",\"datePublished\":\"2022-02-02T16:16:37+00:00\",\"dateModified\":\"2022-02-25T11:33:43+00:00\",\"breadcrumb\":{\"@id\":\"https:\\\/\\\/www.bansszabo.hu\\\/en\\\/industry-fileds\\\/tmt\\\/#breadcrumb\"},\"inLanguage\":\"en-US\",\"potentialAction\":[{\"@type\":\"ReadAction\",\"target\":[\"https:\\\/\\\/www.bansszabo.hu\\\/en\\\/industry-fileds\\\/tmt\\\/\"]}]},{\"@type\":\"ImageObject\",\"inLanguage\":\"en-US\",\"@id\":\"https:\\\/\\\/www.bansszabo.hu\\\/en\\\/industry-fileds\\\/tmt\\\/#primaryimage\",\"url\":\"https:\\\/\\\/www.bansszabo.hu\\\/wp-content\\\/uploads\\\/2022\\\/02\\\/shutterstock_1791688289.jpg\",\"contentUrl\":\"https:\\\/\\\/www.bansszabo.hu\\\/wp-content\\\/uploads\\\/2022\\\/02\\\/shutterstock_1791688289.jpg\",\"width\":2000,\"height\":1334},{\"@type\":\"BreadcrumbList\",\"@id\":\"https:\\\/\\\/www.bansszabo.hu\\\/en\\\/industry-fileds\\\/tmt\\\/#breadcrumb\",\"itemListElement\":[{\"@type\":\"ListItem\",\"position\":1,\"name\":\"Kezd\u0151lap\",\"item\":\"https:\\\/\\\/www.bansszabo.hu\\\/en\\\/\"},{\"@type\":\"ListItem\",\"position\":2,\"name\":\"Industry fields\",\"item\":\"https:\\\/\\\/www.bansszabo.hu\\\/en\\\/industry-fileds\\\/\"},{\"@type\":\"ListItem\",\"position\":3,\"name\":\"Technology, Media and Telecommunications\"}]},{\"@type\":\"WebSite\",\"@id\":\"https:\\\/\\\/www.bansszabo.hu\\\/en\\\/#website\",\"url\":\"https:\\\/\\\/www.bansszabo.hu\\\/en\\\/\",\"name\":\"bansszabo\",\"description\":\"25 \u00e9ve \u00fcgyfeleink szolg\u00e1lat\u00e1ban, integrit\u00e1s \u00e9s tapasztalat\",\"publisher\":{\"@id\":\"https:\\\/\\\/www.bansszabo.hu\\\/en\\\/#organization\"},\"potentialAction\":[{\"@type\":\"SearchAction\",\"target\":{\"@type\":\"EntryPoint\",\"urlTemplate\":\"https:\\\/\\\/www.bansszabo.hu\\\/en\\\/?s={search_term_string}\"},\"query-input\":{\"@type\":\"PropertyValueSpecification\",\"valueRequired\":true,\"valueName\":\"search_term_string\"}}],\"inLanguage\":\"en-US\"},{\"@type\":\"Organization\",\"@id\":\"https:\\\/\\\/www.bansszabo.hu\\\/en\\\/#organization\",\"name\":\"B\u00e1n, S.Szab\u00f3, Rausch & Partners \u00dcgyv\u00e9di Iroda\",\"url\":\"https:\\\/\\\/www.bansszabo.hu\\\/en\\\/\",\"logo\":{\"@type\":\"ImageObject\",\"inLanguage\":\"en-US\",\"@id\":\"https:\\\/\\\/www.bansszabo.hu\\\/en\\\/#\\\/schema\\\/logo\\\/image\\\/\",\"url\":\"https:\\\/\\\/www.bansszabo.hu\\\/wp-content\\\/uploads\\\/2022\\\/02\\\/bsr-25logo.png\",\"contentUrl\":\"https:\\\/\\\/www.bansszabo.hu\\\/wp-content\\\/uploads\\\/2022\\\/02\\\/bsr-25logo.png\",\"width\":269,\"height\":75,\"caption\":\"B\u00e1n, S.Szab\u00f3, Rausch & Partners \u00dcgyv\u00e9di Iroda\"},\"image\":{\"@id\":\"https:\\\/\\\/www.bansszabo.hu\\\/en\\\/#\\\/schema\\\/logo\\\/image\\\/\"},\"sameAs\":[\"https:\\\/\\\/www.linkedin.com\\\/company\\\/bsrp\\\/\"]}]}<\/script>\n<!-- \/ Yoast SEO plugin. -->","yoast_head_json":{"title":"Technology, Media and Telecommunications - bansszabo","robots":{"index":"index","follow":"follow","max-snippet":"max-snippet:-1","max-image-preview":"max-image-preview:large","max-video-preview":"max-video-preview:-1"},"canonical":"https:\/\/www.bansszabo.hu\/en\/industry-fileds\/tmt\/","og_locale":"en_US","og_type":"article","og_title":"Technology, Media and Telecommunications - bansszabo","og_description":"Our office has an extremely diverse and deep experience and clientele in the field of [&hellip;]","og_url":"https:\/\/www.bansszabo.hu\/en\/industry-fileds\/tmt\/","og_site_name":"bansszabo","article_modified_time":"2022-02-25T11:33:43+00:00","og_image":[{"width":2000,"height":1334,"url":"https:\/\/www.bansszabo.hu\/wp-content\/uploads\/2022\/02\/shutterstock_1791688289.jpg","type":"image\/jpeg"}],"twitter_card":"summary_large_image","twitter_misc":{"Est. reading time":"1 minute"},"schema":{"@context":"https:\/\/schema.org","@graph":[{"@type":"WebPage","@id":"https:\/\/www.bansszabo.hu\/en\/industry-fileds\/tmt\/","url":"https:\/\/www.bansszabo.hu\/en\/industry-fileds\/tmt\/","name":"Technology, Media and Telecommunications - bansszabo","isPartOf":{"@id":"https:\/\/www.bansszabo.hu\/en\/#website"},"primaryImageOfPage":{"@id":"https:\/\/www.bansszabo.hu\/en\/industry-fileds\/tmt\/#primaryimage"},"image":{"@id":"https:\/\/www.bansszabo.hu\/en\/industry-fileds\/tmt\/#primaryimage"},"thumbnailUrl":"https:\/\/www.bansszabo.hu\/wp-content\/uploads\/2022\/02\/shutterstock_1791688289.jpg","datePublished":"2022-02-02T16:16:37+00:00","dateModified":"2022-02-25T11:33:43+00:00","breadcrumb":{"@id":"https:\/\/www.bansszabo.hu\/en\/industry-fileds\/tmt\/#breadcrumb"},"inLanguage":"en-US","potentialAction":[{"@type":"ReadAction","target":["https:\/\/www.bansszabo.hu\/en\/industry-fileds\/tmt\/"]}]},{"@type":"ImageObject","inLanguage":"en-US","@id":"https:\/\/www.bansszabo.hu\/en\/industry-fileds\/tmt\/#primaryimage","url":"https:\/\/www.bansszabo.hu\/wp-content\/uploads\/2022\/02\/shutterstock_1791688289.jpg","contentUrl":"https:\/\/www.bansszabo.hu\/wp-content\/uploads\/2022\/02\/shutterstock_1791688289.jpg","width":2000,"height":1334},{"@type":"BreadcrumbList","@id":"https:\/\/www.bansszabo.hu\/en\/industry-fileds\/tmt\/#breadcrumb","itemListElement":[{"@type":"ListItem","position":1,"name":"Kezd\u0151lap","item":"https:\/\/www.bansszabo.hu\/en\/"},{"@type":"ListItem","position":2,"name":"Industry fields","item":"https:\/\/www.bansszabo.hu\/en\/industry-fileds\/"},{"@type":"ListItem","position":3,"name":"Technology, Media and Telecommunications"}]},{"@type":"WebSite","@id":"https:\/\/www.bansszabo.hu\/en\/#website","url":"https:\/\/www.bansszabo.hu\/en\/","name":"bansszabo","description":"25 \u00e9ve \u00fcgyfeleink szolg\u00e1lat\u00e1ban, integrit\u00e1s \u00e9s tapasztalat","publisher":{"@id":"https:\/\/www.bansszabo.hu\/en\/#organization"},"potentialAction":[{"@type":"SearchAction","target":{"@type":"EntryPoint","urlTemplate":"https:\/\/www.bansszabo.hu\/en\/?s={search_term_string}"},"query-input":{"@type":"PropertyValueSpecification","valueRequired":true,"valueName":"search_term_string"}}],"inLanguage":"en-US"},{"@type":"Organization","@id":"https:\/\/www.bansszabo.hu\/en\/#organization","name":"B\u00e1n, S.Szab\u00f3, Rausch & Partners \u00dcgyv\u00e9di Iroda","url":"https:\/\/www.bansszabo.hu\/en\/","logo":{"@type":"ImageObject","inLanguage":"en-US","@id":"https:\/\/www.bansszabo.hu\/en\/#\/schema\/logo\/image\/","url":"https:\/\/www.bansszabo.hu\/wp-content\/uploads\/2022\/02\/bsr-25logo.png","contentUrl":"https:\/\/www.bansszabo.hu\/wp-content\/uploads\/2022\/02\/bsr-25logo.png","width":269,"height":75,"caption":"B\u00e1n, S.Szab\u00f3, Rausch & Partners \u00dcgyv\u00e9di Iroda"},"image":{"@id":"https:\/\/www.bansszabo.hu\/en\/#\/schema\/logo\/image\/"},"sameAs":["https:\/\/www.linkedin.com\/company\/bsrp\/"]}]}},"_links":{"self":[{"href":"https:\/\/www.bansszabo.hu\/en\/wp-json\/wp\/v2\/pages\/633","targetHints":{"allow":["GET"]}}],"collection":[{"href":"https:\/\/www.bansszabo.hu\/en\/wp-json\/wp\/v2\/pages"}],"about":[{"href":"https:\/\/www.bansszabo.hu\/en\/wp-json\/wp\/v2\/types\/page"}],"author":[{"embeddable":true,"href":"https:\/\/www.bansszabo.hu\/en\/wp-json\/wp\/v2\/users\/2"}],"replies":[{"embeddable":true,"href":"https:\/\/www.bansszabo.hu\/en\/wp-json\/wp\/v2\/comments?post=633"}],"version-history":[{"count":2,"href":"https:\/\/www.bansszabo.hu\/en\/wp-json\/wp\/v2\/pages\/633\/revisions"}],"predecessor-version":[{"id":653,"href":"https:\/\/www.bansszabo.hu\/en\/wp-json\/wp\/v2\/pages\/633\/revisions\/653"}],"up":[{"embeddable":true,"href":"https:\/\/www.bansszabo.hu\/en\/wp-json\/wp\/v2\/pages\/890"}],"wp:featuredmedia":[{"embeddable":true,"href":"https:\/\/www.bansszabo.hu\/en\/wp-json\/wp\/v2\/media\/1073"}],"wp:attachment":[{"href":"https:\/\/www.bansszabo.hu\/en\/wp-json\/wp\/v2\/media?parent=633"}],"curies":[{"name":"wp","href":"https:\/\/api.w.org\/{rel}","templated":true}]}}