{"id":654,"date":"2022-02-11T10:04:03","date_gmt":"2022-02-11T09:04:03","guid":{"rendered":"https:\/\/www.bansszabo.hu\/?page_id=654"},"modified":"2022-02-25T12:35:22","modified_gmt":"2022-02-25T11:35:22","slug":"competition-law","status":"publish","type":"page","link":"https:\/\/www.bansszabo.hu\/en\/industry-fileds\/competition-law\/","title":{"rendered":"Competition law"},"content":{"rendered":"\n<p><em>B\u00e1n, S. Szab\u00f3, Rausch &amp; Partners\u2019 competition law team advises its clients for many years in connection with the <\/em>competition laws of the <em>European Union and Hungary. Our advice encompasses all fields of competition law, including the prior assessment and, if necessary, the notification of concentrations (mergers, acquisitions, and asset transfer deals); guidance on market practices potentially restricting economic competition both in vertical and vertical relationships (among other things, pricing and exclusivity practices in distribution arrangements, cooperation and information exchange among competitors); identifying and applying additional legal requirements applicable to undertakings with dominant market position; and enforcement of private claims triggered by infringements of the prohibition of unfair market practices. Our office is often listed in&nbsp;<\/em>\u201e<em>Global Competition Review 100<\/em>\u201d as an expert on competition law.&nbsp;<\/p>\n\n\n\n<p>Our practice in competition law covers all areas in this field, such as&nbsp;<\/p>\n\n\n\n<ul class=\"wp-block-list\"><li>advice for our clients, and their representation before the competent authorities and courts, in connection with mergers, cartels, and abuse of dominant position issues,&nbsp;<\/li><li>litigation in connection with the enforcement of damages suffered as a result of competition law infringements,<\/li><li>competition law-related support in the structuring of mergers and acquisitions,<\/li><li>implementing compliance programs.&nbsp;<\/li><\/ul>\n","protected":false},"excerpt":{"rendered":"<p>B\u00e1n, S. Szab\u00f3, Rausch &amp; Partners\u2019 competition law team advises its clients for many years [&hellip;]<\/p>\n","protected":false},"author":2,"featured_media":1071,"parent":890,"menu_order":0,"comment_status":"closed","ping_status":"closed","template":"industry-field.php","meta":{"_acf_changed":false,"footnotes":""},"class_list":["post-654","page","type-page","status-publish","has-post-thumbnail","hentry"],"acf":[],"yoast_head":"<!-- This site is optimized with the Yoast SEO plugin v27.4 - https:\/\/yoast.com\/product\/yoast-seo-wordpress\/ -->\n<title>Competition law - bansszabo<\/title>\n<meta name=\"robots\" content=\"index, follow, max-snippet:-1, max-image-preview:large, max-video-preview:-1\" \/>\n<link rel=\"canonical\" href=\"https:\/\/www.bansszabo.hu\/en\/industry-fileds\/competition-law\/\" \/>\n<meta property=\"og:locale\" content=\"en_US\" \/>\n<meta property=\"og:type\" content=\"article\" \/>\n<meta property=\"og:title\" content=\"Competition law - bansszabo\" \/>\n<meta property=\"og:description\" content=\"B\u00e1n, S. Szab\u00f3, Rausch &amp; Partners\u2019 competition law team advises its clients for many years [&hellip;]\" \/>\n<meta property=\"og:url\" content=\"https:\/\/www.bansszabo.hu\/en\/industry-fileds\/competition-law\/\" \/>\n<meta property=\"og:site_name\" content=\"bansszabo\" \/>\n<meta property=\"article:modified_time\" content=\"2022-02-25T11:35:22+00:00\" \/>\n<meta property=\"og:image\" content=\"https:\/\/www.bansszabo.hu\/wp-content\/uploads\/2022\/02\/shutterstock_1470936008.jpg\" \/>\n\t<meta property=\"og:image:width\" content=\"2000\" \/>\n\t<meta property=\"og:image:height\" content=\"1179\" \/>\n\t<meta property=\"og:image:type\" content=\"image\/jpeg\" \/>\n<meta name=\"twitter:card\" content=\"summary_large_image\" \/>\n<meta name=\"twitter:label1\" content=\"Est. reading time\" \/>\n\t<meta name=\"twitter:data1\" content=\"1 minute\" \/>\n<script type=\"application\/ld+json\" class=\"yoast-schema-graph\">{\"@context\":\"https:\\\/\\\/schema.org\",\"@graph\":[{\"@type\":\"WebPage\",\"@id\":\"https:\\\/\\\/www.bansszabo.hu\\\/en\\\/industry-fileds\\\/competition-law\\\/\",\"url\":\"https:\\\/\\\/www.bansszabo.hu\\\/en\\\/industry-fileds\\\/competition-law\\\/\",\"name\":\"Competition law - bansszabo\",\"isPartOf\":{\"@id\":\"https:\\\/\\\/www.bansszabo.hu\\\/en\\\/#website\"},\"primaryImageOfPage\":{\"@id\":\"https:\\\/\\\/www.bansszabo.hu\\\/en\\\/industry-fileds\\\/competition-law\\\/#primaryimage\"},\"image\":{\"@id\":\"https:\\\/\\\/www.bansszabo.hu\\\/en\\\/industry-fileds\\\/competition-law\\\/#primaryimage\"},\"thumbnailUrl\":\"https:\\\/\\\/www.bansszabo.hu\\\/wp-content\\\/uploads\\\/2022\\\/02\\\/shutterstock_1470936008.jpg\",\"datePublished\":\"2022-02-11T09:04:03+00:00\",\"dateModified\":\"2022-02-25T11:35:22+00:00\",\"breadcrumb\":{\"@id\":\"https:\\\/\\\/www.bansszabo.hu\\\/en\\\/industry-fileds\\\/competition-law\\\/#breadcrumb\"},\"inLanguage\":\"en-US\",\"potentialAction\":[{\"@type\":\"ReadAction\",\"target\":[\"https:\\\/\\\/www.bansszabo.hu\\\/en\\\/industry-fileds\\\/competition-law\\\/\"]}]},{\"@type\":\"ImageObject\",\"inLanguage\":\"en-US\",\"@id\":\"https:\\\/\\\/www.bansszabo.hu\\\/en\\\/industry-fileds\\\/competition-law\\\/#primaryimage\",\"url\":\"https:\\\/\\\/www.bansszabo.hu\\\/wp-content\\\/uploads\\\/2022\\\/02\\\/shutterstock_1470936008.jpg\",\"contentUrl\":\"https:\\\/\\\/www.bansszabo.hu\\\/wp-content\\\/uploads\\\/2022\\\/02\\\/shutterstock_1470936008.jpg\",\"width\":2000,\"height\":1179},{\"@type\":\"BreadcrumbList\",\"@id\":\"https:\\\/\\\/www.bansszabo.hu\\\/en\\\/industry-fileds\\\/competition-law\\\/#breadcrumb\",\"itemListElement\":[{\"@type\":\"ListItem\",\"position\":1,\"name\":\"Kezd\u0151lap\",\"item\":\"https:\\\/\\\/www.bansszabo.hu\\\/en\\\/\"},{\"@type\":\"ListItem\",\"position\":2,\"name\":\"Industry fields\",\"item\":\"https:\\\/\\\/www.bansszabo.hu\\\/en\\\/industry-fileds\\\/\"},{\"@type\":\"ListItem\",\"position\":3,\"name\":\"Competition law\"}]},{\"@type\":\"WebSite\",\"@id\":\"https:\\\/\\\/www.bansszabo.hu\\\/en\\\/#website\",\"url\":\"https:\\\/\\\/www.bansszabo.hu\\\/en\\\/\",\"name\":\"bansszabo\",\"description\":\"25 \u00e9ve \u00fcgyfeleink szolg\u00e1lat\u00e1ban, integrit\u00e1s \u00e9s tapasztalat\",\"publisher\":{\"@id\":\"https:\\\/\\\/www.bansszabo.hu\\\/en\\\/#organization\"},\"potentialAction\":[{\"@type\":\"SearchAction\",\"target\":{\"@type\":\"EntryPoint\",\"urlTemplate\":\"https:\\\/\\\/www.bansszabo.hu\\\/en\\\/?s={search_term_string}\"},\"query-input\":{\"@type\":\"PropertyValueSpecification\",\"valueRequired\":true,\"valueName\":\"search_term_string\"}}],\"inLanguage\":\"en-US\"},{\"@type\":\"Organization\",\"@id\":\"https:\\\/\\\/www.bansszabo.hu\\\/en\\\/#organization\",\"name\":\"B\u00e1n, S.Szab\u00f3, Rausch & Partners \u00dcgyv\u00e9di Iroda\",\"url\":\"https:\\\/\\\/www.bansszabo.hu\\\/en\\\/\",\"logo\":{\"@type\":\"ImageObject\",\"inLanguage\":\"en-US\",\"@id\":\"https:\\\/\\\/www.bansszabo.hu\\\/en\\\/#\\\/schema\\\/logo\\\/image\\\/\",\"url\":\"https:\\\/\\\/www.bansszabo.hu\\\/wp-content\\\/uploads\\\/2022\\\/02\\\/bsr-25logo.png\",\"contentUrl\":\"https:\\\/\\\/www.bansszabo.hu\\\/wp-content\\\/uploads\\\/2022\\\/02\\\/bsr-25logo.png\",\"width\":269,\"height\":75,\"caption\":\"B\u00e1n, S.Szab\u00f3, Rausch & Partners \u00dcgyv\u00e9di Iroda\"},\"image\":{\"@id\":\"https:\\\/\\\/www.bansszabo.hu\\\/en\\\/#\\\/schema\\\/logo\\\/image\\\/\"},\"sameAs\":[\"https:\\\/\\\/www.linkedin.com\\\/company\\\/bsrp\\\/\"]}]}<\/script>\n<!-- \/ Yoast SEO plugin. -->","yoast_head_json":{"title":"Competition law - bansszabo","robots":{"index":"index","follow":"follow","max-snippet":"max-snippet:-1","max-image-preview":"max-image-preview:large","max-video-preview":"max-video-preview:-1"},"canonical":"https:\/\/www.bansszabo.hu\/en\/industry-fileds\/competition-law\/","og_locale":"en_US","og_type":"article","og_title":"Competition law - bansszabo","og_description":"B\u00e1n, S. Szab\u00f3, Rausch &amp; Partners\u2019 competition law team advises its clients for many years [&hellip;]","og_url":"https:\/\/www.bansszabo.hu\/en\/industry-fileds\/competition-law\/","og_site_name":"bansszabo","article_modified_time":"2022-02-25T11:35:22+00:00","og_image":[{"width":2000,"height":1179,"url":"https:\/\/www.bansszabo.hu\/wp-content\/uploads\/2022\/02\/shutterstock_1470936008.jpg","type":"image\/jpeg"}],"twitter_card":"summary_large_image","twitter_misc":{"Est. reading time":"1 minute"},"schema":{"@context":"https:\/\/schema.org","@graph":[{"@type":"WebPage","@id":"https:\/\/www.bansszabo.hu\/en\/industry-fileds\/competition-law\/","url":"https:\/\/www.bansszabo.hu\/en\/industry-fileds\/competition-law\/","name":"Competition law - bansszabo","isPartOf":{"@id":"https:\/\/www.bansszabo.hu\/en\/#website"},"primaryImageOfPage":{"@id":"https:\/\/www.bansszabo.hu\/en\/industry-fileds\/competition-law\/#primaryimage"},"image":{"@id":"https:\/\/www.bansszabo.hu\/en\/industry-fileds\/competition-law\/#primaryimage"},"thumbnailUrl":"https:\/\/www.bansszabo.hu\/wp-content\/uploads\/2022\/02\/shutterstock_1470936008.jpg","datePublished":"2022-02-11T09:04:03+00:00","dateModified":"2022-02-25T11:35:22+00:00","breadcrumb":{"@id":"https:\/\/www.bansszabo.hu\/en\/industry-fileds\/competition-law\/#breadcrumb"},"inLanguage":"en-US","potentialAction":[{"@type":"ReadAction","target":["https:\/\/www.bansszabo.hu\/en\/industry-fileds\/competition-law\/"]}]},{"@type":"ImageObject","inLanguage":"en-US","@id":"https:\/\/www.bansszabo.hu\/en\/industry-fileds\/competition-law\/#primaryimage","url":"https:\/\/www.bansszabo.hu\/wp-content\/uploads\/2022\/02\/shutterstock_1470936008.jpg","contentUrl":"https:\/\/www.bansszabo.hu\/wp-content\/uploads\/2022\/02\/shutterstock_1470936008.jpg","width":2000,"height":1179},{"@type":"BreadcrumbList","@id":"https:\/\/www.bansszabo.hu\/en\/industry-fileds\/competition-law\/#breadcrumb","itemListElement":[{"@type":"ListItem","position":1,"name":"Kezd\u0151lap","item":"https:\/\/www.bansszabo.hu\/en\/"},{"@type":"ListItem","position":2,"name":"Industry fields","item":"https:\/\/www.bansszabo.hu\/en\/industry-fileds\/"},{"@type":"ListItem","position":3,"name":"Competition law"}]},{"@type":"WebSite","@id":"https:\/\/www.bansszabo.hu\/en\/#website","url":"https:\/\/www.bansszabo.hu\/en\/","name":"bansszabo","description":"25 \u00e9ve \u00fcgyfeleink szolg\u00e1lat\u00e1ban, integrit\u00e1s \u00e9s tapasztalat","publisher":{"@id":"https:\/\/www.bansszabo.hu\/en\/#organization"},"potentialAction":[{"@type":"SearchAction","target":{"@type":"EntryPoint","urlTemplate":"https:\/\/www.bansszabo.hu\/en\/?s={search_term_string}"},"query-input":{"@type":"PropertyValueSpecification","valueRequired":true,"valueName":"search_term_string"}}],"inLanguage":"en-US"},{"@type":"Organization","@id":"https:\/\/www.bansszabo.hu\/en\/#organization","name":"B\u00e1n, S.Szab\u00f3, Rausch & Partners \u00dcgyv\u00e9di Iroda","url":"https:\/\/www.bansszabo.hu\/en\/","logo":{"@type":"ImageObject","inLanguage":"en-US","@id":"https:\/\/www.bansszabo.hu\/en\/#\/schema\/logo\/image\/","url":"https:\/\/www.bansszabo.hu\/wp-content\/uploads\/2022\/02\/bsr-25logo.png","contentUrl":"https:\/\/www.bansszabo.hu\/wp-content\/uploads\/2022\/02\/bsr-25logo.png","width":269,"height":75,"caption":"B\u00e1n, S.Szab\u00f3, Rausch & Partners \u00dcgyv\u00e9di Iroda"},"image":{"@id":"https:\/\/www.bansszabo.hu\/en\/#\/schema\/logo\/image\/"},"sameAs":["https:\/\/www.linkedin.com\/company\/bsrp\/"]}]}},"_links":{"self":[{"href":"https:\/\/www.bansszabo.hu\/en\/wp-json\/wp\/v2\/pages\/654","targetHints":{"allow":["GET"]}}],"collection":[{"href":"https:\/\/www.bansszabo.hu\/en\/wp-json\/wp\/v2\/pages"}],"about":[{"href":"https:\/\/www.bansszabo.hu\/en\/wp-json\/wp\/v2\/types\/page"}],"author":[{"embeddable":true,"href":"https:\/\/www.bansszabo.hu\/en\/wp-json\/wp\/v2\/users\/2"}],"replies":[{"embeddable":true,"href":"https:\/\/www.bansszabo.hu\/en\/wp-json\/wp\/v2\/comments?post=654"}],"version-history":[{"count":1,"href":"https:\/\/www.bansszabo.hu\/en\/wp-json\/wp\/v2\/pages\/654\/revisions"}],"predecessor-version":[{"id":655,"href":"https:\/\/www.bansszabo.hu\/en\/wp-json\/wp\/v2\/pages\/654\/revisions\/655"}],"up":[{"embeddable":true,"href":"https:\/\/www.bansszabo.hu\/en\/wp-json\/wp\/v2\/pages\/890"}],"wp:featuredmedia":[{"embeddable":true,"href":"https:\/\/www.bansszabo.hu\/en\/wp-json\/wp\/v2\/media\/1071"}],"wp:attachment":[{"href":"https:\/\/www.bansszabo.hu\/en\/wp-json\/wp\/v2\/media?parent=654"}],"curies":[{"name":"wp","href":"https:\/\/api.w.org\/{rel}","templated":true}]}}