{"id":710,"date":"2022-02-08T11:27:44","date_gmt":"2022-02-08T10:27:44","guid":{"rendered":"https:\/\/www.bansszabo.hu\/?page_id=710"},"modified":"2024-05-08T14:29:26","modified_gmt":"2024-05-08T12:29:26","slug":"dr-almos-papp","status":"publish","type":"page","link":"https:\/\/www.bansszabo.hu\/en\/partners\/dr-almos-papp\/","title":{"rendered":"Dr. \u00c1lmos Papp"},"content":{"rendered":"\n<p><em><strong>Practice<\/strong><\/em><\/p>\n\n\n\n<p>Dr. Papp joined B\u00e1n, S. Szab\u00f3, Rausch &amp; Partners in 1997. Since January 1, 2009, he has been a partner of the firm. Dr. Papp is focusing on competition matters, administrative law, litigation and commercial law.<\/p>\n\n\n\n<p>Dr. Papp regularly published on EU and Hungarian competition law in the International Law Organization\u2019s competition newsletter. He is involved in the work of the International League of Competition Law (LIDC) and coordinated the preparation of the Hungarian LIDC report in 2012. He regularly holds lectures and seminars on competition law matters.<\/p>\n\n\n\n<p>Dr. Papp has been listed, since 2009, in \u201c<em>Who\u2019s Who Legal: Competition<\/em>\u201d, one of the most renowned professional reviews worldwide. According to Chambers \u201c<em>\u00c1lmos Papp&nbsp;<\/em><em>receives particular praise from peers, who appreciate his wide-ranging expertise covering competition, corporate matters and commercial litigation\u201d<\/em>.<\/p>\n\n\n\n<p>He speaks English.<\/p>\n\n\n\n<div class=\"wp-block-columns is-layout-flex wp-container-core-columns-is-layout-9d6595d7 wp-block-columns-is-layout-flex\">\n<div class=\"wp-block-column is-layout-flow wp-block-column-is-layout-flow\" style=\"flex-basis:25%\">\n<figure class=\"wp-block-image size-full\"><img decoding=\"async\" width=\"768\" height=\"847\" src=\"https:\/\/www.bansszabo.hu\/wp-content\/uploads\/2024\/05\/EMEA_Recommended_lawyer_2024-768x847-1.jpg\" alt=\"\" class=\"wp-image-2668\" srcset=\"https:\/\/www.bansszabo.hu\/wp-content\/uploads\/2024\/05\/EMEA_Recommended_lawyer_2024-768x847-1.jpg 768w, https:\/\/www.bansszabo.hu\/wp-content\/uploads\/2024\/05\/EMEA_Recommended_lawyer_2024-768x847-1-272x300.jpg 272w\" sizes=\"(max-width: 768px) 100vw, 768px\" \/><\/figure>\n<\/div>\n\n\n\n<div class=\"wp-block-column is-layout-flow wp-block-column-is-layout-flow\" style=\"flex-basis:75%\">\n<p>As one of his clients said for Legal500: <em>\u2019\u2018\u00c1lmos Papp is a veteran competition law expert with solid knowledge regarding the field and the markets.\u201d<\/em><\/p>\n<\/div>\n<\/div>\n\n\n\n<p><em><strong>Bar Admissions<\/strong><\/em><\/p>\n\n\n\n<p>Budapest Bar, 1999<\/p>\n\n\n\n<p><em><strong>Education<\/strong><\/em><\/p>\n\n\n\n<p>E\u00f6tv\u00f6s Lor\u00e1nd University, School of Law, 1996<\/p>\n","protected":false},"excerpt":{"rendered":"<p>Practice Dr. Papp joined B\u00e1n, S. Szab\u00f3, Rausch &amp; Partners in 1997. Since January 1, [&hellip;]<\/p>\n","protected":false},"author":2,"featured_media":0,"parent":501,"menu_order":5,"comment_status":"closed","ping_status":"closed","template":"team.php","meta":{"_acf_changed":false,"footnotes":""},"class_list":["post-710","page","type-page","status-publish","hentry"],"acf":[],"yoast_head":"<!-- This site is optimized with the Yoast SEO plugin v27.4 - https:\/\/yoast.com\/product\/yoast-seo-wordpress\/ -->\n<title>Dr. \u00c1lmos Papp - bansszabo<\/title>\n<meta name=\"robots\" content=\"index, follow, max-snippet:-1, max-image-preview:large, max-video-preview:-1\" \/>\n<link rel=\"canonical\" href=\"https:\/\/www.bansszabo.hu\/en\/partners\/dr-almos-papp\/\" \/>\n<meta property=\"og:locale\" content=\"en_US\" \/>\n<meta property=\"og:type\" content=\"article\" \/>\n<meta property=\"og:title\" content=\"Dr. \u00c1lmos Papp - bansszabo\" \/>\n<meta property=\"og:description\" content=\"Practice Dr. Papp joined B\u00e1n, S. Szab\u00f3, Rausch &amp; Partners in 1997. Since January 1, [&hellip;]\" \/>\n<meta property=\"og:url\" content=\"https:\/\/www.bansszabo.hu\/en\/partners\/dr-almos-papp\/\" \/>\n<meta property=\"og:site_name\" content=\"bansszabo\" \/>\n<meta property=\"article:modified_time\" content=\"2024-05-08T12:29:26+00:00\" \/>\n<meta property=\"og:image\" content=\"https:\/\/www.bansszabo.hu\/wp-content\/uploads\/2024\/05\/EMEA_Recommended_lawyer_2024-768x847-1.jpg\" \/>\n<meta name=\"twitter:card\" content=\"summary_large_image\" \/>\n<meta name=\"twitter:label1\" content=\"Est. reading time\" \/>\n\t<meta name=\"twitter:data1\" content=\"2 minutes\" \/>\n<script type=\"application\/ld+json\" class=\"yoast-schema-graph\">{\"@context\":\"https:\\\/\\\/schema.org\",\"@graph\":[{\"@type\":\"WebPage\",\"@id\":\"https:\\\/\\\/www.bansszabo.hu\\\/en\\\/partners\\\/dr-almos-papp\\\/\",\"url\":\"https:\\\/\\\/www.bansszabo.hu\\\/en\\\/partners\\\/dr-almos-papp\\\/\",\"name\":\"Dr. \u00c1lmos Papp - bansszabo\",\"isPartOf\":{\"@id\":\"https:\\\/\\\/www.bansszabo.hu\\\/en\\\/#website\"},\"primaryImageOfPage\":{\"@id\":\"https:\\\/\\\/www.bansszabo.hu\\\/en\\\/partners\\\/dr-almos-papp\\\/#primaryimage\"},\"image\":{\"@id\":\"https:\\\/\\\/www.bansszabo.hu\\\/en\\\/partners\\\/dr-almos-papp\\\/#primaryimage\"},\"thumbnailUrl\":\"https:\\\/\\\/www.bansszabo.hu\\\/wp-content\\\/uploads\\\/2024\\\/05\\\/EMEA_Recommended_lawyer_2024-768x847-1.jpg\",\"datePublished\":\"2022-02-08T10:27:44+00:00\",\"dateModified\":\"2024-05-08T12:29:26+00:00\",\"breadcrumb\":{\"@id\":\"https:\\\/\\\/www.bansszabo.hu\\\/en\\\/partners\\\/dr-almos-papp\\\/#breadcrumb\"},\"inLanguage\":\"en-US\",\"potentialAction\":[{\"@type\":\"ReadAction\",\"target\":[\"https:\\\/\\\/www.bansszabo.hu\\\/en\\\/partners\\\/dr-almos-papp\\\/\"]}]},{\"@type\":\"ImageObject\",\"inLanguage\":\"en-US\",\"@id\":\"https:\\\/\\\/www.bansszabo.hu\\\/en\\\/partners\\\/dr-almos-papp\\\/#primaryimage\",\"url\":\"https:\\\/\\\/www.bansszabo.hu\\\/wp-content\\\/uploads\\\/2024\\\/05\\\/EMEA_Recommended_lawyer_2024-768x847-1.jpg\",\"contentUrl\":\"https:\\\/\\\/www.bansszabo.hu\\\/wp-content\\\/uploads\\\/2024\\\/05\\\/EMEA_Recommended_lawyer_2024-768x847-1.jpg\"},{\"@type\":\"BreadcrumbList\",\"@id\":\"https:\\\/\\\/www.bansszabo.hu\\\/en\\\/partners\\\/dr-almos-papp\\\/#breadcrumb\",\"itemListElement\":[{\"@type\":\"ListItem\",\"position\":1,\"name\":\"Kezd\u0151lap\",\"item\":\"https:\\\/\\\/www.bansszabo.hu\\\/en\\\/\"},{\"@type\":\"ListItem\",\"position\":2,\"name\":\"Partners\",\"item\":\"https:\\\/\\\/www.bansszabo.hu\\\/en\\\/partners\\\/\"},{\"@type\":\"ListItem\",\"position\":3,\"name\":\"Dr. \u00c1lmos Papp\"}]},{\"@type\":\"WebSite\",\"@id\":\"https:\\\/\\\/www.bansszabo.hu\\\/en\\\/#website\",\"url\":\"https:\\\/\\\/www.bansszabo.hu\\\/en\\\/\",\"name\":\"bansszabo\",\"description\":\"25 \u00e9ve \u00fcgyfeleink szolg\u00e1lat\u00e1ban, integrit\u00e1s \u00e9s tapasztalat\",\"publisher\":{\"@id\":\"https:\\\/\\\/www.bansszabo.hu\\\/en\\\/#organization\"},\"potentialAction\":[{\"@type\":\"SearchAction\",\"target\":{\"@type\":\"EntryPoint\",\"urlTemplate\":\"https:\\\/\\\/www.bansszabo.hu\\\/en\\\/?s={search_term_string}\"},\"query-input\":{\"@type\":\"PropertyValueSpecification\",\"valueRequired\":true,\"valueName\":\"search_term_string\"}}],\"inLanguage\":\"en-US\"},{\"@type\":\"Organization\",\"@id\":\"https:\\\/\\\/www.bansszabo.hu\\\/en\\\/#organization\",\"name\":\"B\u00e1n, S.Szab\u00f3, Rausch & Partners \u00dcgyv\u00e9di Iroda\",\"url\":\"https:\\\/\\\/www.bansszabo.hu\\\/en\\\/\",\"logo\":{\"@type\":\"ImageObject\",\"inLanguage\":\"en-US\",\"@id\":\"https:\\\/\\\/www.bansszabo.hu\\\/en\\\/#\\\/schema\\\/logo\\\/image\\\/\",\"url\":\"https:\\\/\\\/www.bansszabo.hu\\\/wp-content\\\/uploads\\\/2022\\\/02\\\/bsr-25logo.png\",\"contentUrl\":\"https:\\\/\\\/www.bansszabo.hu\\\/wp-content\\\/uploads\\\/2022\\\/02\\\/bsr-25logo.png\",\"width\":269,\"height\":75,\"caption\":\"B\u00e1n, S.Szab\u00f3, Rausch & Partners \u00dcgyv\u00e9di Iroda\"},\"image\":{\"@id\":\"https:\\\/\\\/www.bansszabo.hu\\\/en\\\/#\\\/schema\\\/logo\\\/image\\\/\"},\"sameAs\":[\"https:\\\/\\\/www.linkedin.com\\\/company\\\/bsrp\\\/\"]}]}<\/script>\n<!-- \/ Yoast SEO plugin. -->","yoast_head_json":{"title":"Dr. \u00c1lmos Papp - bansszabo","robots":{"index":"index","follow":"follow","max-snippet":"max-snippet:-1","max-image-preview":"max-image-preview:large","max-video-preview":"max-video-preview:-1"},"canonical":"https:\/\/www.bansszabo.hu\/en\/partners\/dr-almos-papp\/","og_locale":"en_US","og_type":"article","og_title":"Dr. \u00c1lmos Papp - bansszabo","og_description":"Practice Dr. Papp joined B\u00e1n, S. Szab\u00f3, Rausch &amp; Partners in 1997. Since January 1, [&hellip;]","og_url":"https:\/\/www.bansszabo.hu\/en\/partners\/dr-almos-papp\/","og_site_name":"bansszabo","article_modified_time":"2024-05-08T12:29:26+00:00","og_image":[{"url":"https:\/\/www.bansszabo.hu\/wp-content\/uploads\/2024\/05\/EMEA_Recommended_lawyer_2024-768x847-1.jpg","type":"","width":"","height":""}],"twitter_card":"summary_large_image","twitter_misc":{"Est. reading time":"2 minutes"},"schema":{"@context":"https:\/\/schema.org","@graph":[{"@type":"WebPage","@id":"https:\/\/www.bansszabo.hu\/en\/partners\/dr-almos-papp\/","url":"https:\/\/www.bansszabo.hu\/en\/partners\/dr-almos-papp\/","name":"Dr. \u00c1lmos Papp - bansszabo","isPartOf":{"@id":"https:\/\/www.bansszabo.hu\/en\/#website"},"primaryImageOfPage":{"@id":"https:\/\/www.bansszabo.hu\/en\/partners\/dr-almos-papp\/#primaryimage"},"image":{"@id":"https:\/\/www.bansszabo.hu\/en\/partners\/dr-almos-papp\/#primaryimage"},"thumbnailUrl":"https:\/\/www.bansszabo.hu\/wp-content\/uploads\/2024\/05\/EMEA_Recommended_lawyer_2024-768x847-1.jpg","datePublished":"2022-02-08T10:27:44+00:00","dateModified":"2024-05-08T12:29:26+00:00","breadcrumb":{"@id":"https:\/\/www.bansszabo.hu\/en\/partners\/dr-almos-papp\/#breadcrumb"},"inLanguage":"en-US","potentialAction":[{"@type":"ReadAction","target":["https:\/\/www.bansszabo.hu\/en\/partners\/dr-almos-papp\/"]}]},{"@type":"ImageObject","inLanguage":"en-US","@id":"https:\/\/www.bansszabo.hu\/en\/partners\/dr-almos-papp\/#primaryimage","url":"https:\/\/www.bansszabo.hu\/wp-content\/uploads\/2024\/05\/EMEA_Recommended_lawyer_2024-768x847-1.jpg","contentUrl":"https:\/\/www.bansszabo.hu\/wp-content\/uploads\/2024\/05\/EMEA_Recommended_lawyer_2024-768x847-1.jpg"},{"@type":"BreadcrumbList","@id":"https:\/\/www.bansszabo.hu\/en\/partners\/dr-almos-papp\/#breadcrumb","itemListElement":[{"@type":"ListItem","position":1,"name":"Kezd\u0151lap","item":"https:\/\/www.bansszabo.hu\/en\/"},{"@type":"ListItem","position":2,"name":"Partners","item":"https:\/\/www.bansszabo.hu\/en\/partners\/"},{"@type":"ListItem","position":3,"name":"Dr. \u00c1lmos Papp"}]},{"@type":"WebSite","@id":"https:\/\/www.bansszabo.hu\/en\/#website","url":"https:\/\/www.bansszabo.hu\/en\/","name":"bansszabo","description":"25 \u00e9ve \u00fcgyfeleink szolg\u00e1lat\u00e1ban, integrit\u00e1s \u00e9s tapasztalat","publisher":{"@id":"https:\/\/www.bansszabo.hu\/en\/#organization"},"potentialAction":[{"@type":"SearchAction","target":{"@type":"EntryPoint","urlTemplate":"https:\/\/www.bansszabo.hu\/en\/?s={search_term_string}"},"query-input":{"@type":"PropertyValueSpecification","valueRequired":true,"valueName":"search_term_string"}}],"inLanguage":"en-US"},{"@type":"Organization","@id":"https:\/\/www.bansszabo.hu\/en\/#organization","name":"B\u00e1n, S.Szab\u00f3, Rausch & Partners \u00dcgyv\u00e9di Iroda","url":"https:\/\/www.bansszabo.hu\/en\/","logo":{"@type":"ImageObject","inLanguage":"en-US","@id":"https:\/\/www.bansszabo.hu\/en\/#\/schema\/logo\/image\/","url":"https:\/\/www.bansszabo.hu\/wp-content\/uploads\/2022\/02\/bsr-25logo.png","contentUrl":"https:\/\/www.bansszabo.hu\/wp-content\/uploads\/2022\/02\/bsr-25logo.png","width":269,"height":75,"caption":"B\u00e1n, S.Szab\u00f3, Rausch & Partners \u00dcgyv\u00e9di Iroda"},"image":{"@id":"https:\/\/www.bansszabo.hu\/en\/#\/schema\/logo\/image\/"},"sameAs":["https:\/\/www.linkedin.com\/company\/bsrp\/"]}]}},"_links":{"self":[{"href":"https:\/\/www.bansszabo.hu\/en\/wp-json\/wp\/v2\/pages\/710","targetHints":{"allow":["GET"]}}],"collection":[{"href":"https:\/\/www.bansszabo.hu\/en\/wp-json\/wp\/v2\/pages"}],"about":[{"href":"https:\/\/www.bansszabo.hu\/en\/wp-json\/wp\/v2\/types\/page"}],"author":[{"embeddable":true,"href":"https:\/\/www.bansszabo.hu\/en\/wp-json\/wp\/v2\/users\/2"}],"replies":[{"embeddable":true,"href":"https:\/\/www.bansszabo.hu\/en\/wp-json\/wp\/v2\/comments?post=710"}],"version-history":[{"count":4,"href":"https:\/\/www.bansszabo.hu\/en\/wp-json\/wp\/v2\/pages\/710\/revisions"}],"predecessor-version":[{"id":2673,"href":"https:\/\/www.bansszabo.hu\/en\/wp-json\/wp\/v2\/pages\/710\/revisions\/2673"}],"up":[{"embeddable":true,"href":"https:\/\/www.bansszabo.hu\/en\/wp-json\/wp\/v2\/pages\/501"}],"wp:attachment":[{"href":"https:\/\/www.bansszabo.hu\/en\/wp-json\/wp\/v2\/media?parent=710"}],"curies":[{"name":"wp","href":"https:\/\/api.w.org\/{rel}","templated":true}]}}