{"id":716,"date":"2022-02-08T11:29:42","date_gmt":"2022-02-08T10:29:42","guid":{"rendered":"https:\/\/www.bansszabo.hu\/?page_id=716"},"modified":"2024-05-08T14:34:54","modified_gmt":"2024-05-08T12:34:54","slug":"dr-gergely-szabo","status":"publish","type":"page","link":"https:\/\/www.bansszabo.hu\/en\/partners\/dr-gergely-szabo\/","title":{"rendered":"Dr. Gergely Szab\u00f3"},"content":{"rendered":"\n<p><strong><em>Practice<\/em><\/strong><\/p>\n\n\n\n<p>Dr. Gergely Szab\u00f3 joined B\u00e1n, S. Szab\u00f3, Rausch &amp; Partners in 2009 and since 2013 he has been with us as an associated attorney. He became partner on 1 January, 2021.<\/p>\n\n\n\n<p>He is a regular speaker at energy and M&amp;A-related conferences and also publishes legal articles in the Hungarian business media.<\/p>\n\n\n\n<div class=\"wp-block-columns is-layout-flex wp-container-core-columns-is-layout-9d6595d7 wp-block-columns-is-layout-flex\">\n<div class=\"wp-block-column is-layout-flow wp-block-column-is-layout-flow\" style=\"flex-basis:25%\">\n<figure class=\"wp-block-image size-full\"><img decoding=\"async\" width=\"768\" height=\"847\" src=\"https:\/\/www.bansszabo.hu\/wp-content\/uploads\/2024\/05\/EMEA_Recommended_lawyer_2024-768x847-1.jpg\" alt=\"\" class=\"wp-image-2668\" srcset=\"https:\/\/www.bansszabo.hu\/wp-content\/uploads\/2024\/05\/EMEA_Recommended_lawyer_2024-768x847-1.jpg 768w, https:\/\/www.bansszabo.hu\/wp-content\/uploads\/2024\/05\/EMEA_Recommended_lawyer_2024-768x847-1-272x300.jpg 272w\" sizes=\"(max-width: 768px) 100vw, 768px\" \/><\/figure>\n<\/div>\n\n\n\n<div class=\"wp-block-column is-layout-flow wp-block-column-is-layout-flow\" style=\"flex-basis:75%\">\n<p>He is a recommended lawyer by Legal500 stating: <em>\u201eGergely Szab\u00f3 specialises in electricity and gas trading arrangements and energy-related litigation.\u201d<\/em><\/p>\n<\/div>\n<\/div>\n\n\n\n<p><\/p>\n\n\n\n<p><em><strong>Bar Admissions<\/strong><\/em><\/p>\n\n\n\n<p>Budapest Bar, 2013<\/p>\n\n\n\n<p><em><strong>Education<\/strong><\/em><\/p>\n\n\n\n<p>K\u00e1roli G\u00e1sp\u00e1r Protestant University, School of Law, 2008<\/p>\n\n\n\n<p>LL.M. degree in International Business Law from the Central European University, 2009<\/p>\n\n\n\n<p>Training of the World Law Institute of Emory University, Atlanta<\/p>\n\n\n\n<p>Post-graduate energy law LL.M. program of the University of P\u00e9cs, 2013<\/p>\n","protected":false},"excerpt":{"rendered":"<p>Practice Dr. Gergely Szab\u00f3 joined B\u00e1n, S. Szab\u00f3, Rausch &amp; Partners in 2009 and since [&hellip;]<\/p>\n","protected":false},"author":2,"featured_media":0,"parent":501,"menu_order":8,"comment_status":"closed","ping_status":"closed","template":"team.php","meta":{"_acf_changed":false,"footnotes":""},"class_list":["post-716","page","type-page","status-publish","hentry"],"acf":[],"yoast_head":"<!-- This site is optimized with the Yoast SEO plugin v27.4 - https:\/\/yoast.com\/product\/yoast-seo-wordpress\/ -->\n<title>Dr. Gergely Szab\u00f3 - bansszabo<\/title>\n<meta name=\"robots\" content=\"index, follow, max-snippet:-1, max-image-preview:large, max-video-preview:-1\" \/>\n<link rel=\"canonical\" href=\"https:\/\/www.bansszabo.hu\/en\/partners\/dr-gergely-szabo\/\" \/>\n<meta property=\"og:locale\" content=\"en_US\" \/>\n<meta property=\"og:type\" content=\"article\" \/>\n<meta property=\"og:title\" content=\"Dr. Gergely Szab\u00f3 - bansszabo\" \/>\n<meta property=\"og:description\" content=\"Practice Dr. Gergely Szab\u00f3 joined B\u00e1n, S. Szab\u00f3, Rausch &amp; Partners in 2009 and since [&hellip;]\" \/>\n<meta property=\"og:url\" content=\"https:\/\/www.bansszabo.hu\/en\/partners\/dr-gergely-szabo\/\" \/>\n<meta property=\"og:site_name\" content=\"bansszabo\" \/>\n<meta property=\"article:modified_time\" content=\"2024-05-08T12:34:54+00:00\" \/>\n<meta property=\"og:image\" content=\"https:\/\/www.bansszabo.hu\/wp-content\/uploads\/2024\/05\/EMEA_Recommended_lawyer_2024-768x847-1.jpg\" \/>\n<meta name=\"twitter:card\" content=\"summary_large_image\" \/>\n<meta name=\"twitter:label1\" content=\"Est. reading time\" \/>\n\t<meta name=\"twitter:data1\" content=\"1 minute\" \/>\n<script type=\"application\/ld+json\" class=\"yoast-schema-graph\">{\"@context\":\"https:\\\/\\\/schema.org\",\"@graph\":[{\"@type\":\"WebPage\",\"@id\":\"https:\\\/\\\/www.bansszabo.hu\\\/en\\\/partners\\\/dr-gergely-szabo\\\/\",\"url\":\"https:\\\/\\\/www.bansszabo.hu\\\/en\\\/partners\\\/dr-gergely-szabo\\\/\",\"name\":\"Dr. Gergely Szab\u00f3 - bansszabo\",\"isPartOf\":{\"@id\":\"https:\\\/\\\/www.bansszabo.hu\\\/en\\\/#website\"},\"primaryImageOfPage\":{\"@id\":\"https:\\\/\\\/www.bansszabo.hu\\\/en\\\/partners\\\/dr-gergely-szabo\\\/#primaryimage\"},\"image\":{\"@id\":\"https:\\\/\\\/www.bansszabo.hu\\\/en\\\/partners\\\/dr-gergely-szabo\\\/#primaryimage\"},\"thumbnailUrl\":\"https:\\\/\\\/www.bansszabo.hu\\\/wp-content\\\/uploads\\\/2024\\\/05\\\/EMEA_Recommended_lawyer_2024-768x847-1.jpg\",\"datePublished\":\"2022-02-08T10:29:42+00:00\",\"dateModified\":\"2024-05-08T12:34:54+00:00\",\"breadcrumb\":{\"@id\":\"https:\\\/\\\/www.bansszabo.hu\\\/en\\\/partners\\\/dr-gergely-szabo\\\/#breadcrumb\"},\"inLanguage\":\"en-US\",\"potentialAction\":[{\"@type\":\"ReadAction\",\"target\":[\"https:\\\/\\\/www.bansszabo.hu\\\/en\\\/partners\\\/dr-gergely-szabo\\\/\"]}]},{\"@type\":\"ImageObject\",\"inLanguage\":\"en-US\",\"@id\":\"https:\\\/\\\/www.bansszabo.hu\\\/en\\\/partners\\\/dr-gergely-szabo\\\/#primaryimage\",\"url\":\"https:\\\/\\\/www.bansszabo.hu\\\/wp-content\\\/uploads\\\/2024\\\/05\\\/EMEA_Recommended_lawyer_2024-768x847-1.jpg\",\"contentUrl\":\"https:\\\/\\\/www.bansszabo.hu\\\/wp-content\\\/uploads\\\/2024\\\/05\\\/EMEA_Recommended_lawyer_2024-768x847-1.jpg\"},{\"@type\":\"BreadcrumbList\",\"@id\":\"https:\\\/\\\/www.bansszabo.hu\\\/en\\\/partners\\\/dr-gergely-szabo\\\/#breadcrumb\",\"itemListElement\":[{\"@type\":\"ListItem\",\"position\":1,\"name\":\"Kezd\u0151lap\",\"item\":\"https:\\\/\\\/www.bansszabo.hu\\\/en\\\/\"},{\"@type\":\"ListItem\",\"position\":2,\"name\":\"Partners\",\"item\":\"https:\\\/\\\/www.bansszabo.hu\\\/en\\\/partners\\\/\"},{\"@type\":\"ListItem\",\"position\":3,\"name\":\"Dr. Gergely Szab\u00f3\"}]},{\"@type\":\"WebSite\",\"@id\":\"https:\\\/\\\/www.bansszabo.hu\\\/en\\\/#website\",\"url\":\"https:\\\/\\\/www.bansszabo.hu\\\/en\\\/\",\"name\":\"bansszabo\",\"description\":\"25 \u00e9ve \u00fcgyfeleink szolg\u00e1lat\u00e1ban, integrit\u00e1s \u00e9s tapasztalat\",\"publisher\":{\"@id\":\"https:\\\/\\\/www.bansszabo.hu\\\/en\\\/#organization\"},\"potentialAction\":[{\"@type\":\"SearchAction\",\"target\":{\"@type\":\"EntryPoint\",\"urlTemplate\":\"https:\\\/\\\/www.bansszabo.hu\\\/en\\\/?s={search_term_string}\"},\"query-input\":{\"@type\":\"PropertyValueSpecification\",\"valueRequired\":true,\"valueName\":\"search_term_string\"}}],\"inLanguage\":\"en-US\"},{\"@type\":\"Organization\",\"@id\":\"https:\\\/\\\/www.bansszabo.hu\\\/en\\\/#organization\",\"name\":\"B\u00e1n, S.Szab\u00f3, Rausch & Partners \u00dcgyv\u00e9di Iroda\",\"url\":\"https:\\\/\\\/www.bansszabo.hu\\\/en\\\/\",\"logo\":{\"@type\":\"ImageObject\",\"inLanguage\":\"en-US\",\"@id\":\"https:\\\/\\\/www.bansszabo.hu\\\/en\\\/#\\\/schema\\\/logo\\\/image\\\/\",\"url\":\"https:\\\/\\\/www.bansszabo.hu\\\/wp-content\\\/uploads\\\/2022\\\/02\\\/bsr-25logo.png\",\"contentUrl\":\"https:\\\/\\\/www.bansszabo.hu\\\/wp-content\\\/uploads\\\/2022\\\/02\\\/bsr-25logo.png\",\"width\":269,\"height\":75,\"caption\":\"B\u00e1n, S.Szab\u00f3, Rausch & Partners \u00dcgyv\u00e9di Iroda\"},\"image\":{\"@id\":\"https:\\\/\\\/www.bansszabo.hu\\\/en\\\/#\\\/schema\\\/logo\\\/image\\\/\"},\"sameAs\":[\"https:\\\/\\\/www.linkedin.com\\\/company\\\/bsrp\\\/\"]}]}<\/script>\n<!-- \/ Yoast SEO plugin. -->","yoast_head_json":{"title":"Dr. Gergely Szab\u00f3 - bansszabo","robots":{"index":"index","follow":"follow","max-snippet":"max-snippet:-1","max-image-preview":"max-image-preview:large","max-video-preview":"max-video-preview:-1"},"canonical":"https:\/\/www.bansszabo.hu\/en\/partners\/dr-gergely-szabo\/","og_locale":"en_US","og_type":"article","og_title":"Dr. Gergely Szab\u00f3 - bansszabo","og_description":"Practice Dr. Gergely Szab\u00f3 joined B\u00e1n, S. Szab\u00f3, Rausch &amp; Partners in 2009 and since [&hellip;]","og_url":"https:\/\/www.bansszabo.hu\/en\/partners\/dr-gergely-szabo\/","og_site_name":"bansszabo","article_modified_time":"2024-05-08T12:34:54+00:00","og_image":[{"url":"https:\/\/www.bansszabo.hu\/wp-content\/uploads\/2024\/05\/EMEA_Recommended_lawyer_2024-768x847-1.jpg","type":"","width":"","height":""}],"twitter_card":"summary_large_image","twitter_misc":{"Est. reading time":"1 minute"},"schema":{"@context":"https:\/\/schema.org","@graph":[{"@type":"WebPage","@id":"https:\/\/www.bansszabo.hu\/en\/partners\/dr-gergely-szabo\/","url":"https:\/\/www.bansszabo.hu\/en\/partners\/dr-gergely-szabo\/","name":"Dr. Gergely Szab\u00f3 - bansszabo","isPartOf":{"@id":"https:\/\/www.bansszabo.hu\/en\/#website"},"primaryImageOfPage":{"@id":"https:\/\/www.bansszabo.hu\/en\/partners\/dr-gergely-szabo\/#primaryimage"},"image":{"@id":"https:\/\/www.bansszabo.hu\/en\/partners\/dr-gergely-szabo\/#primaryimage"},"thumbnailUrl":"https:\/\/www.bansszabo.hu\/wp-content\/uploads\/2024\/05\/EMEA_Recommended_lawyer_2024-768x847-1.jpg","datePublished":"2022-02-08T10:29:42+00:00","dateModified":"2024-05-08T12:34:54+00:00","breadcrumb":{"@id":"https:\/\/www.bansszabo.hu\/en\/partners\/dr-gergely-szabo\/#breadcrumb"},"inLanguage":"en-US","potentialAction":[{"@type":"ReadAction","target":["https:\/\/www.bansszabo.hu\/en\/partners\/dr-gergely-szabo\/"]}]},{"@type":"ImageObject","inLanguage":"en-US","@id":"https:\/\/www.bansszabo.hu\/en\/partners\/dr-gergely-szabo\/#primaryimage","url":"https:\/\/www.bansszabo.hu\/wp-content\/uploads\/2024\/05\/EMEA_Recommended_lawyer_2024-768x847-1.jpg","contentUrl":"https:\/\/www.bansszabo.hu\/wp-content\/uploads\/2024\/05\/EMEA_Recommended_lawyer_2024-768x847-1.jpg"},{"@type":"BreadcrumbList","@id":"https:\/\/www.bansszabo.hu\/en\/partners\/dr-gergely-szabo\/#breadcrumb","itemListElement":[{"@type":"ListItem","position":1,"name":"Kezd\u0151lap","item":"https:\/\/www.bansszabo.hu\/en\/"},{"@type":"ListItem","position":2,"name":"Partners","item":"https:\/\/www.bansszabo.hu\/en\/partners\/"},{"@type":"ListItem","position":3,"name":"Dr. Gergely Szab\u00f3"}]},{"@type":"WebSite","@id":"https:\/\/www.bansszabo.hu\/en\/#website","url":"https:\/\/www.bansszabo.hu\/en\/","name":"bansszabo","description":"25 \u00e9ve \u00fcgyfeleink szolg\u00e1lat\u00e1ban, integrit\u00e1s \u00e9s tapasztalat","publisher":{"@id":"https:\/\/www.bansszabo.hu\/en\/#organization"},"potentialAction":[{"@type":"SearchAction","target":{"@type":"EntryPoint","urlTemplate":"https:\/\/www.bansszabo.hu\/en\/?s={search_term_string}"},"query-input":{"@type":"PropertyValueSpecification","valueRequired":true,"valueName":"search_term_string"}}],"inLanguage":"en-US"},{"@type":"Organization","@id":"https:\/\/www.bansszabo.hu\/en\/#organization","name":"B\u00e1n, S.Szab\u00f3, Rausch & Partners \u00dcgyv\u00e9di Iroda","url":"https:\/\/www.bansszabo.hu\/en\/","logo":{"@type":"ImageObject","inLanguage":"en-US","@id":"https:\/\/www.bansszabo.hu\/en\/#\/schema\/logo\/image\/","url":"https:\/\/www.bansszabo.hu\/wp-content\/uploads\/2022\/02\/bsr-25logo.png","contentUrl":"https:\/\/www.bansszabo.hu\/wp-content\/uploads\/2022\/02\/bsr-25logo.png","width":269,"height":75,"caption":"B\u00e1n, S.Szab\u00f3, Rausch & Partners \u00dcgyv\u00e9di Iroda"},"image":{"@id":"https:\/\/www.bansszabo.hu\/en\/#\/schema\/logo\/image\/"},"sameAs":["https:\/\/www.linkedin.com\/company\/bsrp\/"]}]}},"_links":{"self":[{"href":"https:\/\/www.bansszabo.hu\/en\/wp-json\/wp\/v2\/pages\/716","targetHints":{"allow":["GET"]}}],"collection":[{"href":"https:\/\/www.bansszabo.hu\/en\/wp-json\/wp\/v2\/pages"}],"about":[{"href":"https:\/\/www.bansszabo.hu\/en\/wp-json\/wp\/v2\/types\/page"}],"author":[{"embeddable":true,"href":"https:\/\/www.bansszabo.hu\/en\/wp-json\/wp\/v2\/users\/2"}],"replies":[{"embeddable":true,"href":"https:\/\/www.bansszabo.hu\/en\/wp-json\/wp\/v2\/comments?post=716"}],"version-history":[{"count":5,"href":"https:\/\/www.bansszabo.hu\/en\/wp-json\/wp\/v2\/pages\/716\/revisions"}],"predecessor-version":[{"id":2677,"href":"https:\/\/www.bansszabo.hu\/en\/wp-json\/wp\/v2\/pages\/716\/revisions\/2677"}],"up":[{"embeddable":true,"href":"https:\/\/www.bansszabo.hu\/en\/wp-json\/wp\/v2\/pages\/501"}],"wp:attachment":[{"href":"https:\/\/www.bansszabo.hu\/en\/wp-json\/wp\/v2\/media?parent=716"}],"curies":[{"name":"wp","href":"https:\/\/api.w.org\/{rel}","templated":true}]}}